{"id":15115,"date":"2020-09-08T04:43:26","date_gmt":"2020-09-08T04:43:26","guid":{"rendered":"https:\/\/wpbingosite.com\/wordpress\/florial\/?page_id=15115"},"modified":"2025-10-09T15:30:31","modified_gmt":"2025-10-09T12:30:31","slug":"contact-us","status":"publish","type":"page","link":"https:\/\/janaziedi.lv\/en\/sazinieties-ar-mums\/","title":{"rendered":"Contacts"},"content":{"rendered":"\t\t<div data-elementor-type=\"wp-page\" data-elementor-id=\"15115\" class=\"elementor elementor-15115\" data-elementor-post-type=\"page\">\n\t\t\t\t\t\t<section class=\"elementor-section elementor-top-section elementor-element elementor-element-24ac14c elementor-section-boxed elementor-section-height-default elementor-section-height-default\" data-id=\"24ac14c\" data-element_type=\"section\" data-e-type=\"section\">\n\t\t\t\t\t\t<div class=\"elementor-container elementor-column-gap-default\">\n\t\t\t\t\t<div class=\"elementor-column elementor-col-100 elementor-top-column elementor-element elementor-element-5ffae6c\" data-id=\"5ffae6c\" data-element_type=\"column\" data-e-type=\"column\">\n\t\t\t<div class=\"elementor-widget-wrap elementor-element-populated\">\n\t\t\t\t\t\t<div class=\"elementor-element elementor-element-1eeba6c elementor-widget elementor-widget-heading\" data-id=\"1eeba6c\" data-element_type=\"widget\" data-e-type=\"widget\" data-widget_type=\"heading.default\">\n\t\t\t\t<div class=\"elementor-widget-container\">\n\t\t\t\t\t<h2 class=\"elementor-heading-title elementor-size-default\">Sazinieties ar mums<\/h2>\t\t\t\t<\/div>\n\t\t\t\t<\/div>\n\t\t\t\t\t<\/div>\n\t\t<\/div>\n\t\t\t\t\t<\/div>\n\t\t<\/section>\n\t\t\t\t<section class=\"elementor-section elementor-top-section elementor-element elementor-element-d78aa61 elementor-section-boxed elementor-section-height-default elementor-section-height-default\" data-id=\"d78aa61\" data-element_type=\"section\" data-e-type=\"section\" data-settings=\"{&quot;background_background&quot;:&quot;classic&quot;}\">\n\t\t\t\t\t\t<div class=\"elementor-container elementor-column-gap-default\">\n\t\t\t\t\t<div class=\"elementor-column elementor-col-100 elementor-top-column elementor-element elementor-element-9046eba\" data-id=\"9046eba\" data-element_type=\"column\" data-e-type=\"column\">\n\t\t\t<div class=\"elementor-widget-wrap elementor-element-populated\">\n\t\t\t\t\t\t<div class=\"elementor-element elementor-element-ea56df5 elementor-widget elementor-widget-heading\" data-id=\"ea56df5\" data-element_type=\"widget\" data-e-type=\"widget\" data-widget_type=\"heading.default\">\n\t\t\t\t<div class=\"elementor-widget-container\">\n\t\t\t\t\t<h2 class=\"elementor-heading-title elementor-size-default\"><strong data-start=\"120\" data-end=\"153\">S\u016btiet mums savus jaut\u0101jumus!<\/strong><br data-start=\"153\" data-end=\"156\"><\/h2>\t\t\t\t<\/div>\n\t\t\t\t<\/div>\n\t\t\t\t<div class=\"elementor-element elementor-element-eacaa72 elementor-widget elementor-widget-text-editor\" data-id=\"eacaa72\" data-element_type=\"widget\" data-e-type=\"widget\" data-widget_type=\"text-editor.default\">\n\t\t\t\t<div class=\"elementor-widget-container\">\n\t\t\t\t\t\t\t\t\t<p>Atbild\u0113sim maz\u0101k nek\u0101 24 stundu laik\u0101.<\/p>\t\t\t\t\t\t\t\t<\/div>\n\t\t\t\t<\/div>\n\t\t\t\t<div class=\"elementor-element elementor-element-fb61171 elementor-button-align-stretch elementor-widget elementor-widget-form\" data-id=\"fb61171\" data-element_type=\"widget\" data-e-type=\"widget\" data-settings=\"{&quot;step_next_label&quot;:&quot;Next&quot;,&quot;step_previous_label&quot;:&quot;Previous&quot;,&quot;button_width&quot;:&quot;100&quot;,&quot;step_type&quot;:&quot;number_text&quot;,&quot;step_icon_shape&quot;:&quot;circle&quot;}\" data-widget_type=\"form.default\">\n\t\t\t\t<div class=\"elementor-widget-container\">\n\t\t\t\t\t\t\t<form class=\"elementor-form\" method=\"post\" name=\"New Form\" aria-label=\"New Form\">\n\t\t\t<input type=\"hidden\" name=\"post_id\" value=\"15115\"\/>\n\t\t\t<input type=\"hidden\" name=\"form_id\" value=\"fb61171\"\/>\n\t\t\t<input type=\"hidden\" name=\"referer_title\" value=\"Kontakti - janaziedi.lv\" \/>\n\n\t\t\t\t\t\t\t<input type=\"hidden\" name=\"queried_id\" value=\"15115\"\/>\n\t\t\t\n\t\t\t<div class=\"elementor-form-fields-wrapper elementor-labels-above\">\n\t\t\t\t\t\t\t\t<div class=\"elementor-field-type-text elementor-field-group elementor-column elementor-field-group-first_name elementor-col-50 elementor-field-required elementor-mark-required\">\n\t\t\t\t\t\t\t\t\t\t\t\t<label for=\"form-field-first_name\" class=\"elementor-field-label\">\n\t\t\t\t\t\t\t\tV\u0101rds\t\t\t\t\t\t\t<\/label>\n\t\t\t\t\t\t\t\t\t\t\t\t\t\t<input size=\"1\" type=\"text\" name=\"form_fields[first_name]\" id=\"form-field-first_name\" class=\"elementor-field elementor-size-sm  elementor-field-textual\" required=\"required\">\n\t\t\t\t\t\t\t\t\t\t\t<\/div>\n\t\t\t\t\t\t\t\t<div class=\"elementor-field-type-text elementor-field-group elementor-column elementor-field-group-second_name elementor-col-50 elementor-field-required elementor-mark-required\">\n\t\t\t\t\t\t\t\t\t\t\t\t<label for=\"form-field-second_name\" class=\"elementor-field-label\">\n\t\t\t\t\t\t\t\tUzv\u0101rds\t\t\t\t\t\t\t<\/label>\n\t\t\t\t\t\t\t\t\t\t\t\t\t\t<input size=\"1\" type=\"text\" name=\"form_fields[second_name]\" id=\"form-field-second_name\" class=\"elementor-field elementor-size-sm  elementor-field-textual\" required=\"required\">\n\t\t\t\t\t\t\t\t\t\t\t<\/div>\n\t\t\t\t\t\t\t\t<div class=\"elementor-field-type-email elementor-field-group elementor-column elementor-field-group-user_email elementor-col-50 elementor-field-required elementor-mark-required\">\n\t\t\t\t\t\t\t\t\t\t\t\t<label for=\"form-field-user_email\" class=\"elementor-field-label\">\n\t\t\t\t\t\t\t\tE-pasts\t\t\t\t\t\t\t<\/label>\n\t\t\t\t\t\t\t\t\t\t\t\t\t\t<input size=\"1\" type=\"email\" name=\"form_fields[user_email]\" id=\"form-field-user_email\" class=\"elementor-field elementor-size-sm  elementor-field-textual\" required=\"required\">\n\t\t\t\t\t\t\t\t\t\t\t<\/div>\n\t\t\t\t\t\t\t\t<div class=\"elementor-field-type-text elementor-field-group elementor-column elementor-field-group-phone_number elementor-col-50 elementor-field-required elementor-mark-required\">\n\t\t\t\t\t\t\t\t\t\t\t\t<label for=\"form-field-phone_number\" class=\"elementor-field-label\">\n\t\t\t\t\t\t\t\tTelefona numurs\t\t\t\t\t\t\t<\/label>\n\t\t\t\t\t\t\t\t\t\t\t\t\t\t<input size=\"1\" type=\"text\" name=\"form_fields[phone_number]\" id=\"form-field-phone_number\" class=\"elementor-field elementor-size-sm  elementor-field-textual\" placeholder=\"+371 1234567890\" required=\"required\">\n\t\t\t\t\t\t\t\t\t\t\t<\/div>\n\t\t\t\t\t\t\t\t<div class=\"elementor-field-type-textarea elementor-field-group elementor-column elementor-field-group-user_message elementor-col-100 elementor-field-required elementor-mark-required\">\n\t\t\t\t\t\t\t\t\t\t\t\t<label for=\"form-field-user_message\" class=\"elementor-field-label\">\n\t\t\t\t\t\t\t\tZi\u0146a\t\t\t\t\t\t\t<\/label>\n\t\t\t\t\t\t<textarea class=\"elementor-field-textual elementor-field  elementor-size-sm\" name=\"form_fields[user_message]\" id=\"form-field-user_message\" rows=\"4\" required=\"required\"><\/textarea>\t\t\t\t<\/div>\n\t\t\t\t\t\t\t\t<div class=\"elementor-field-type-acceptance elementor-field-group elementor-column elementor-field-group-field_6d8cddf elementor-col-100 elementor-field-required elementor-mark-required\">\n\t\t\t\t\t\t\t<div class=\"elementor-field-subgroup\">\n\t\t\t<span class=\"elementor-field-option\">\n\t\t\t\t<input type=\"checkbox\" name=\"form_fields[field_6d8cddf]\" id=\"form-field-field_6d8cddf\" class=\"elementor-field elementor-size-sm  elementor-acceptance-field\" required=\"required\">\n\t\t\t\t<label for=\"form-field-field_6d8cddf\">Esmu izlas\u012bjis(-usi) un piekr\u012btu\n<a href=\"\/privacy-policy\/\" target=\"_blank\" rel=\"noopener\">Priv\u0101tuma politikai<\/a>.\n<\/label>\t\t\t<\/span>\n\t\t<\/div>\n\t\t\t\t\t\t<\/div>\n\t\t\t\t\t\t\t\t<div class=\"elementor-field-type-recaptcha_v3 elementor-field-group elementor-column elementor-field-group-field_2c5c579 elementor-col-100 recaptcha_v3-inline\">\n\t\t\t\t\t<div class=\"elementor-field\" id=\"form-field-field_2c5c579\"><div class=\"elementor-g-recaptcha\" data-sitekey=\"6LfwiYIrAAAAAF55YK1DGmMVE9zgmSyRKJSv4lHu\" data-type=\"v3\" data-action=\"Form\" data-badge=\"inline\" data-size=\"invisible\"><\/div><\/div>\t\t\t\t<\/div>\n\t\t\t\t\t\t\t\t<div class=\"elementor-field-group elementor-column elementor-field-type-submit elementor-col-100 e-form__buttons\">\n\t\t\t\t\t<button class=\"elementor-button elementor-size-sm\" type=\"submit\">\n\t\t\t\t\t\t<span class=\"elementor-button-content-wrapper\">\n\t\t\t\t\t\t\t\t\t\t\t\t\t\t\t\t\t\t\t\t\t\t<span class=\"elementor-button-text\">Nos\u016btit<\/span>\n\t\t\t\t\t\t\t\t\t\t\t\t\t<\/span>\n\t\t\t\t\t<\/button>\n\t\t\t\t<\/div>\n\t\t\t<\/div>\n\t\t<\/form>\n\t\t\t\t\t\t<\/div>\n\t\t\t\t<\/div>\n\t\t\t\t\t<\/div>\n\t\t<\/div>\n\t\t\t\t\t<\/div>\n\t\t<\/section>\n\t\t<div class=\"elementor-element elementor-element-f3a7469 e-flex e-con-boxed e-con e-parent\" data-id=\"f3a7469\" data-element_type=\"container\" data-e-type=\"container\">\n\t\t\t\t\t<div class=\"e-con-inner\">\n\t\t\t\t<div class=\"elementor-element elementor-element-f5f464a elementor-widget elementor-widget-spacer\" data-id=\"f5f464a\" data-element_type=\"widget\" data-e-type=\"widget\" data-widget_type=\"spacer.default\">\n\t\t\t\t<div class=\"elementor-widget-container\">\n\t\t\t\t\t\t\t<div class=\"elementor-spacer\">\n\t\t\t<div class=\"elementor-spacer-inner\"><\/div>\n\t\t<\/div>\n\t\t\t\t\t\t<\/div>\n\t\t\t\t<\/div>\n\t\t\t\t\t<\/div>\n\t\t\t\t<\/div>\n\t\t\t\t<section class=\"elementor-section elementor-top-section elementor-element elementor-element-7c56f50 elementor-section-boxed elementor-section-height-default elementor-section-height-default\" data-id=\"7c56f50\" data-element_type=\"section\" data-e-type=\"section\">\n\t\t\t\t\t\t<div class=\"elementor-container elementor-column-gap-default\">\n\t\t\t\t\t<div class=\"elementor-column elementor-col-100 elementor-top-column elementor-element elementor-element-6e29adc\" data-id=\"6e29adc\" data-element_type=\"column\" data-e-type=\"column\">\n\t\t\t<div class=\"elementor-widget-wrap elementor-element-populated\">\n\t\t\t\t\t\t<div class=\"elementor-element elementor-element-12e6a61 elementor-widget elementor-widget-bwp_google_maps\" data-id=\"12e6a61\" data-element_type=\"widget\" data-e-type=\"widget\" data-widget_type=\"bwp_google_maps.default\">\n\t\t\t\t<div class=\"elementor-widget-container\">\n\t\t\t\t\t<div class=\"elementor-custom-embed\"><iframe src=\"https:\/\/maps.google.com\/maps?q=J%C4%81%C5%86a%20Ziedi%2C%20Viestura%20prospekts%2065%2C%20Zieme%C4%BCu%20rajons%2C%20R%C4%ABga%2C%20LV-1005%2C%20Latvija&amp;t=m&amp;z=12&amp;output=embed&amp;iwloc=near\" aria-label=\"J\u0101\u0146a Ziedi, Viestura prospekts 65, Zieme\u013cu rajons, R\u012bga, LV-1005, Latvija\"><\/iframe><\/div>\t\t\t\t<\/div>\n\t\t\t\t<\/div>\n\t\t\t\t\t<\/div>\n\t\t<\/div>\n\t\t\t\t\t<\/div>\n\t\t<\/section>\n\t\t\t\t<section class=\"elementor-section elementor-top-section elementor-element elementor-element-41f9ae7 elementor-section-boxed elementor-section-height-default elementor-section-height-default\" data-id=\"41f9ae7\" data-element_type=\"section\" data-e-type=\"section\">\n\t\t\t\t\t\t<div class=\"elementor-container elementor-column-gap-default\">\n\t\t\t\t\t<div class=\"elementor-column elementor-col-100 elementor-top-column elementor-element elementor-element-f44b229\" data-id=\"f44b229\" data-element_type=\"column\" data-e-type=\"column\">\n\t\t\t<div class=\"elementor-widget-wrap elementor-element-populated\">\n\t\t\t\t\t\t<section class=\"elementor-section elementor-inner-section elementor-element elementor-element-c35e59a elementor-section-boxed elementor-section-height-default elementor-section-height-default\" data-id=\"c35e59a\" data-element_type=\"section\" data-e-type=\"section\">\n\t\t\t\t\t\t<div class=\"elementor-container elementor-column-gap-default\">\n\t\t\t\t\t<div class=\"elementor-column elementor-col-100 elementor-inner-column elementor-element elementor-element-067c18e\" data-id=\"067c18e\" data-element_type=\"column\" data-e-type=\"column\">\n\t\t\t<div class=\"elementor-widget-wrap elementor-element-populated\">\n\t\t\t\t\t\t<div class=\"elementor-element elementor-element-9492a5d elementor-view-stacked elementor-shape-circle elementor-widget elementor-widget-icon\" data-id=\"9492a5d\" data-element_type=\"widget\" data-e-type=\"widget\" data-widget_type=\"icon.default\">\n\t\t\t\t<div class=\"elementor-widget-container\">\n\t\t\t\t\t\t\t<div class=\"elementor-icon-wrapper\">\n\t\t\t<div class=\"elementor-icon elementor-animation-wobble-horizontal\">\n\t\t\t<svg xmlns=\"http:\/\/www.w3.org\/2000\/svg\" id=\"Capa_1\" height=\"512\" viewBox=\"0 0 512 512\" width=\"512\"><g><path d=\"m509.988 290.202c-5.694-9.862-12.617-18.681-20.417-26.189 11.78-16.186 18.066-35.963 17.574-56.25-.124-5.101-2.828-9.786-7.183-12.442-11.156-6.806-23.534-11.07-36.25-12.682l36.825-36.825c5.858-5.858 5.858-15.355 0-21.213-8.053-8.053-17.023-14.78-26.5-20.014 7.189-18.683 8.142-39.412 2.416-58.881-1.438-4.893-5.265-8.72-10.158-10.158-19.467-5.726-40.197-4.773-58.881 2.416-5.234-9.477-11.961-18.447-20.014-26.5-5.858-5.858-15.355-5.858-21.213 0l-36.825 36.825c-1.612-12.717-5.876-25.095-12.682-36.251-2.656-4.352-7.342-7.059-12.441-7.183-20.287-.492-40.063 5.794-56.25 17.574-7.508-7.799-16.327-14.722-26.19-20.417-7.175-4.142-16.348-1.684-20.49 5.49l-15.03 26.033c-1.02-.154-2.063-.208-3.116-.146-5.343.313-10.115 3.451-12.521 8.234-39.447 78.426-67.259 161.789-82.804 248.072l-2.665-2.665c-5.858-5.858-15.355-5.858-21.213 0s-5.858 15.355 0 21.213l12.89 12.89c-27.488 29.316-51.057 62.031-70.13 97.471l-4.927 9.153c-3.138 5.832-2.081 13.032 2.602 17.715l62.132 62.132c4.683 4.683 11.883 5.74 17.715 2.602l9.154-4.926c35.44-19.072 68.168-42.628 97.485-70.116l12.876 12.876c5.858 5.858 15.355 5.858 21.213 0s5.858-15.355 0-21.213l-2.665-2.666c86.284-15.545 169.646-43.357 248.072-82.804 4.783-2.406 7.921-7.177 8.235-12.52.062-1.053.008-2.096-.146-3.115l26.033-15.03c7.173-4.141 9.631-13.315 5.489-20.49zm-60.484-227.706c1.576 10.614.349 21.469-3.521 31.451-2.115-.455-4.234-.859-6.358-1.162-6.878-.983-13.547-1.139-19.91-.499.64-6.363.484-13.033-.499-19.91-.303-2.124-.707-4.243-1.162-6.358 9.982-3.871 20.837-5.098 31.45-3.522zm-118.674 26.75 45.068-45.068c16.587 23.417 19.161 51.55 4.43 66.281-5.858 5.858-5.858 15.355 0 21.213s15.355 5.858 21.213 0c14.731-14.731 42.864-12.157 66.281 4.43l-45.068 45.068c-25.343 25.343-66.581 25.343-91.924 0-25.343-25.344-25.343-66.581 0-91.924zm-26.162 107.751c1.577 1.838 3.209 3.646 4.949 5.386 1.741 1.74 3.548 3.372 5.386 4.949-11.053 13.208-18.394 29.299-21.109 46.374-11.779-.65-23.611-.685-35.447-.1.593-11.83.565-23.683-.079-35.51 17.048-2.726 33.112-10.063 46.3-21.099zm-9.674-161.767c4.267 9.839 5.891 20.636 4.74 31.274-9.214.443-17.91 2.216-25.802 5.227-1.028-6.318-2.906-12.724-5.637-19.118-.843-1.973-1.781-3.916-2.768-5.841 8.64-6.322 18.807-10.317 29.467-11.542zm-75.838 1.358c22.087 18.319 31.849 44.834 21.433 62.877-3.469 6.008-2.308 13.419 2.375 18.102.908.908 1.95 1.714 3.116 2.388 7.175 4.142 16.348 1.684 20.49-5.49 4.579-7.93 12.61-13.489 22.722-16.197-9.742 23.16-9.929 49.419-.518 72.685-9.169 8.857-20.832 14.845-33.37 17.194-6.588-45.809-22.576-90.563-47.947-131.295zm-139.307 441.915-46.351-46.351c17.622-32.608 39.323-62.734 64.58-89.788l71.576 71.576c-27.056 25.256-57.196 46.941-89.805 64.563zm108.338-88.456-74.315-74.316.284-1.799c12.856-81.419 36.942-160.305 71.693-234.891 56.549 95.799 57.364 214.499 2.338 311.006zm31.991 4.015c18.269-34.926 30.071-72.244 35.401-110.262 61.928-3.943 123.974 10.889 177.373 42.355-67.811 31.592-139.182 54.369-212.774 67.907zm234.97-89.518c-40.096-24.949-84.932-41.158-131.312-47.854 2.337-12.573 8.333-24.272 17.212-33.464 23.265 9.411 49.524 9.225 72.684-.517-2.708 10.112-8.267 18.143-16.198 22.721-7.174 4.143-9.632 13.316-5.49 20.491.674 1.166 1.478 2.206 2.388 3.116 4.683 4.682 12.094 5.843 18.103 2.374 9.69-5.595 22.143-5.637 35.065-.117 10.337 4.417 19.915 11.865 27.853 21.527zm10.08-58.07c-1.926-.988-3.869-1.926-5.842-2.769-6.394-2.732-12.8-4.609-19.118-5.638 3.011-7.892 4.784-16.588 5.227-25.801 10.638-1.152 21.435.473 31.274 4.74-1.225 10.661-5.219 20.828-11.541 29.468z\"><\/path><\/g><\/svg>\t\t\t<\/div>\n\t\t<\/div>\n\t\t\t\t\t\t<\/div>\n\t\t\t\t<\/div>\n\t\t\t\t<div class=\"elementor-element elementor-element-b91deb5 elementor-widget elementor-widget-heading\" data-id=\"b91deb5\" data-element_type=\"widget\" data-e-type=\"widget\" data-widget_type=\"heading.default\">\n\t\t\t\t<div class=\"elementor-widget-container\">\n\t\t\t\t\t<h2 class=\"elementor-heading-title elementor-size-default\">Vai nepiecie\u0161ama pal\u012bdz\u012bba?\n\n<\/h2>\t\t\t\t<\/div>\n\t\t\t\t<\/div>\n\t\t\t\t\t<\/div>\n\t\t<\/div>\n\t\t\t\t\t<\/div>\n\t\t<\/section>\n\t\t\t\t<section class=\"elementor-section elementor-inner-section elementor-element elementor-element-d0ae77d elementor-section-boxed elementor-section-height-default elementor-section-height-default\" data-id=\"d0ae77d\" data-element_type=\"section\" data-e-type=\"section\">\n\t\t\t\t\t\t<div class=\"elementor-container elementor-column-gap-default\">\n\t\t\t\t\t<div class=\"elementor-column elementor-col-33 elementor-inner-column elementor-element elementor-element-dc35e89\" data-id=\"dc35e89\" data-element_type=\"column\" data-e-type=\"column\">\n\t\t\t<div class=\"elementor-widget-wrap elementor-element-populated\">\n\t\t\t\t\t\t<div class=\"elementor-element elementor-element-0c96284 elementor-widget elementor-widget-text-editor\" data-id=\"0c96284\" data-element_type=\"widget\" data-e-type=\"widget\" data-widget_type=\"text-editor.default\">\n\t\t\t\t<div class=\"elementor-widget-container\">\n\t\t\t\t\t\t\t\t\t<p><strong data-start=\"84\" data-end=\"96\">T\u0100LRUNIS<\/strong><\/p>\t\t\t\t\t\t\t\t<\/div>\n\t\t\t\t<\/div>\n\t\t\t\t<div class=\"elementor-element elementor-element-1db1462 elementor-widget elementor-widget-text-editor\" data-id=\"1db1462\" data-element_type=\"widget\" data-e-type=\"widget\" data-widget_type=\"text-editor.default\">\n\t\t\t\t<div class=\"elementor-widget-container\">\n\t\t\t\t\t\t\t\t\t<a href=\"tel:+37125168858\">+371 25 168 858<\/a>\t\t\t\t\t\t\t\t<\/div>\n\t\t\t\t<\/div>\n\t\t\t\t<div class=\"elementor-element elementor-element-bae7120 elementor-icon-list--layout-inline elementor-align-center elementor-widget__width-inherit elementor-list-item-link-full_width elementor-widget elementor-widget-icon-list\" data-id=\"bae7120\" data-element_type=\"widget\" data-e-type=\"widget\" data-widget_type=\"icon-list.default\">\n\t\t\t\t<div class=\"elementor-widget-container\">\n\t\t\t\t\t\t\t<ul class=\"elementor-icon-list-items elementor-inline-items\">\n\t\t\t\t\t\t\t<li class=\"elementor-icon-list-item elementor-inline-item\">\n\t\t\t\t\t\t\t\t\t\t\t<a href=\"https:\/\/wa.me\/+37125168858\" target=\"_blank\" rel=\"noopener\">\n\n\t\t\t\t\t\t\t\t\t\t\t\t<span class=\"elementor-icon-list-icon\">\n\t\t\t\t\t\t\t<svg aria-hidden=\"true\" class=\"e-font-icon-svg e-fab-whatsapp-square\" viewBox=\"0 0 448 512\" xmlns=\"http:\/\/www.w3.org\/2000\/svg\"><path d=\"M224 122.8c-72.7 0-131.8 59.1-131.9 131.8 0 24.9 7 49.2 20.2 70.1l3.1 5-13.3 48.6 49.9-13.1 4.8 2.9c20.2 12 43.4 18.4 67.1 18.4h.1c72.6 0 133.3-59.1 133.3-131.8 0-35.2-15.2-68.3-40.1-93.2-25-25-58-38.7-93.2-38.7zm77.5 188.4c-3.3 9.3-19.1 17.7-26.7 18.8-12.6 1.9-22.4.9-47.5-9.9-39.7-17.2-65.7-57.2-67.7-59.8-2-2.6-16.2-21.5-16.2-41s10.2-29.1 13.9-33.1c3.6-4 7.9-5 10.6-5 2.6 0 5.3 0 7.6.1 2.4.1 5.7-.9 8.9 6.8 3.3 7.9 11.2 27.4 12.2 29.4s1.7 4.3.3 6.9c-7.6 15.2-15.7 14.6-11.6 21.6 15.3 26.3 30.6 35.4 53.9 47.1 4 2 6.3 1.7 8.6-1 2.3-2.6 9.9-11.6 12.5-15.5 2.6-4 5.3-3.3 8.9-2 3.6 1.3 23.1 10.9 27.1 12.9s6.6 3 7.6 4.6c.9 1.9.9 9.9-2.4 19.1zM400 32H48C21.5 32 0 53.5 0 80v352c0 26.5 21.5 48 48 48h352c26.5 0 48-21.5 48-48V80c0-26.5-21.5-48-48-48zM223.9 413.2c-26.6 0-52.7-6.7-75.8-19.3L64 416l22.5-82.2c-13.9-24-21.2-51.3-21.2-79.3C65.4 167.1 136.5 96 223.9 96c42.4 0 82.2 16.5 112.2 46.5 29.9 30 47.9 69.8 47.9 112.2 0 87.4-72.7 158.5-160.1 158.5z\"><\/path><\/svg>\t\t\t\t\t\t<\/span>\n\t\t\t\t\t\t\t\t\t\t<span class=\"elementor-icon-list-text\"><\/span>\n\t\t\t\t\t\t\t\t\t\t\t<\/a>\n\t\t\t\t\t\t\t\t\t<\/li>\n\t\t\t\t\t\t\t\t<li class=\"elementor-icon-list-item elementor-inline-item\">\n\t\t\t\t\t\t\t\t\t\t\t<a href=\"https:\/\/t.me\/+37125168858\">\n\n\t\t\t\t\t\t\t\t\t\t\t\t<span class=\"elementor-icon-list-icon\">\n\t\t\t\t\t\t\t<svg aria-hidden=\"true\" class=\"e-font-icon-svg e-fab-telegram\" viewBox=\"0 0 496 512\" xmlns=\"http:\/\/www.w3.org\/2000\/svg\"><path d=\"M248 8C111 8 0 119 0 256s111 248 248 248 248-111 248-248S385 8 248 8zm121.8 169.9l-40.7 191.8c-3 13.6-11.1 16.9-22.4 10.5l-62-45.7-29.9 28.8c-3.3 3.3-6.1 6.1-12.5 6.1l4.4-63.1 114.9-103.8c5-4.4-1.1-6.9-7.7-2.5l-142 89.4-61.2-19.1c-13.3-4.2-13.6-13.3 2.8-19.7l239.1-92.2c11.1-4 20.8 2.7 17.2 19.5z\"><\/path><\/svg>\t\t\t\t\t\t<\/span>\n\t\t\t\t\t\t\t\t\t\t<span class=\"elementor-icon-list-text\"><\/span>\n\t\t\t\t\t\t\t\t\t\t\t<\/a>\n\t\t\t\t\t\t\t\t\t<\/li>\n\t\t\t\t\t\t\t\t<li class=\"elementor-icon-list-item elementor-inline-item\">\n\t\t\t\t\t\t\t\t\t\t\t<a href=\"https:\/\/m.me\/janaziedi\">\n\n\t\t\t\t\t\t\t\t\t\t\t\t<span class=\"elementor-icon-list-icon\">\n\t\t\t\t\t\t\t<svg aria-hidden=\"true\" class=\"e-font-icon-svg e-fab-facebook-messenger\" viewBox=\"0 0 512 512\" xmlns=\"http:\/\/www.w3.org\/2000\/svg\"><path d=\"M256.55 8C116.52 8 8 110.34 8 248.57c0 72.3 29.71 134.78 78.07 177.94 8.35 7.51 6.63 11.86 8.05 58.23A19.92 19.92 0 0 0 122 502.31c52.91-23.3 53.59-25.14 62.56-22.7C337.85 521.8 504 423.7 504 248.57 504 110.34 396.59 8 256.55 8zm149.24 185.13l-73 115.57a37.37 37.37 0 0 1-53.91 9.93l-58.08-43.47a15 15 0 0 0-18 0l-78.37 59.44c-10.46 7.93-24.16-4.6-17.11-15.67l73-115.57a37.36 37.36 0 0 1 53.91-9.93l58.06 43.46a15 15 0 0 0 18 0l78.41-59.38c10.44-7.98 24.14 4.54 17.09 15.62z\"><\/path><\/svg>\t\t\t\t\t\t<\/span>\n\t\t\t\t\t\t\t\t\t\t<span class=\"elementor-icon-list-text\"><\/span>\n\t\t\t\t\t\t\t\t\t\t\t<\/a>\n\t\t\t\t\t\t\t\t\t<\/li>\n\t\t\t\t\t\t<\/ul>\n\t\t\t\t\t\t<\/div>\n\t\t\t\t<\/div>\n\t\t\t\t\t<\/div>\n\t\t<\/div>\n\t\t\t\t<div class=\"elementor-column elementor-col-33 elementor-inner-column elementor-element elementor-element-646dd2d\" data-id=\"646dd2d\" data-element_type=\"column\" data-e-type=\"column\">\n\t\t\t<div class=\"elementor-widget-wrap elementor-element-populated\">\n\t\t\t\t\t\t<div class=\"elementor-element elementor-element-6e2f0b2 elementor-widget elementor-widget-text-editor\" data-id=\"6e2f0b2\" data-element_type=\"widget\" data-e-type=\"widget\" data-widget_type=\"text-editor.default\">\n\t\t\t\t<div class=\"elementor-widget-container\">\n\t\t\t\t\t\t\t\t\t<p>DARBA LAIKS<\/p>\t\t\t\t\t\t\t\t<\/div>\n\t\t\t\t<\/div>\n\t\t\t\t<div class=\"elementor-element elementor-element-ccd3815 list-style elementor-widget elementor-widget-text-editor\" data-id=\"ccd3815\" data-element_type=\"widget\" data-e-type=\"widget\" data-widget_type=\"text-editor.default\">\n\t\t\t\t<div class=\"elementor-widget-container\">\n\t\t\t\t\t\t\t\t\t<ul><li>Pirmdiena l\u012bdz piektdiena: 8:00 \u2013 19:00<\/li><li>Sestdiena un sv\u0113tdiena: 9:00 \u2013 18:00<\/li><\/ul>\t\t\t\t\t\t\t\t<\/div>\n\t\t\t\t<\/div>\n\t\t\t\t\t<\/div>\n\t\t<\/div>\n\t\t\t\t<div class=\"elementor-column elementor-col-33 elementor-inner-column elementor-element elementor-element-f6e0169\" data-id=\"f6e0169\" data-element_type=\"column\" data-e-type=\"column\">\n\t\t\t<div class=\"elementor-widget-wrap elementor-element-populated\">\n\t\t\t\t\t\t<div class=\"elementor-element elementor-element-a138552 elementor-widget elementor-widget-text-editor\" data-id=\"a138552\" data-element_type=\"widget\" data-e-type=\"widget\" data-widget_type=\"text-editor.default\">\n\t\t\t\t<div class=\"elementor-widget-container\">\n\t\t\t\t\t\t\t\t\t<p>ATGRIE\u0160ANA<\/p>\t\t\t\t\t\t\t\t<\/div>\n\t\t\t\t<\/div>\n\t\t\t\t<div class=\"elementor-element elementor-element-8861a92 list-style elementor-widget__width-initial elementor-widget elementor-widget-text-editor\" data-id=\"8861a92\" data-element_type=\"widget\" data-e-type=\"widget\" data-widget_type=\"text-editor.default\">\n\t\t\t\t<div class=\"elementor-widget-container\">\n\t\t\t\t\t\t\t\t\tLai ieg\u016btu inform\u0101ciju par apmkasu un pieg\u0101di,\nl\u016bdzu, noklik\u0161\u0137iniet <a href=\"https:\/\/janaziedi.lv\/apmaksa-un-piegades-noteikumi\/\">\u0161eit<\/a>.\t\t\t\t\t\t\t\t<\/div>\n\t\t\t\t<\/div>\n\t\t\t\t\t<\/div>\n\t\t<\/div>\n\t\t\t\t\t<\/div>\n\t\t<\/section>\n\t\t\t\t\t<\/div>\n\t\t<\/div>\n\t\t\t\t\t<\/div>\n\t\t<\/section>\n\t\t\t\t<\/div>\n\t\t","protected":false},"excerpt":{"rendered":"<p>Sazinieties ar mums S\u016btiet mums savus jaut\u0101jumus! Atbild\u0113sim maz\u0101k nek\u0101 24 stundu laik\u0101. Vai nepiecie\u0161ama pal\u012bdz\u012bba? T\u0100LRUNIS +371 25 168 858 DARBA LAIKS Pirmdiena l\u012bdz piektdiena: 8:00 \u2013 19:00 Sestdiena un sv\u0113tdiena: 9:00 \u2013 18:00 ATGRIE\u0160ANA Lai ieg\u016btu inform\u0101ciju par apmkasu un pieg\u0101di, l\u016bdzu, noklik\u0161\u0137iniet \u0161eit.<\/p>","protected":false},"author":2,"featured_media":0,"parent":0,"menu_order":0,"comment_status":"closed","ping_status":"closed","template":"page-templates\/homepage.php","meta":{"footnotes":""},"class_list":["post-15115","page","type-page","status-publish","hentry"],"_links":{"self":[{"href":"https:\/\/janaziedi.lv\/en\/wp-json\/wp\/v2\/pages\/15115","targetHints":{"allow":["GET"]}}],"collection":[{"href":"https:\/\/janaziedi.lv\/en\/wp-json\/wp\/v2\/pages"}],"about":[{"href":"https:\/\/janaziedi.lv\/en\/wp-json\/wp\/v2\/types\/page"}],"author":[{"embeddable":true,"href":"https:\/\/janaziedi.lv\/en\/wp-json\/wp\/v2\/users\/2"}],"replies":[{"embeddable":true,"href":"https:\/\/janaziedi.lv\/en\/wp-json\/wp\/v2\/comments?post=15115"}],"version-history":[{"count":131,"href":"https:\/\/janaziedi.lv\/en\/wp-json\/wp\/v2\/pages\/15115\/revisions"}],"predecessor-version":[{"id":37787,"href":"https:\/\/janaziedi.lv\/en\/wp-json\/wp\/v2\/pages\/15115\/revisions\/37787"}],"wp:attachment":[{"href":"https:\/\/janaziedi.lv\/en\/wp-json\/wp\/v2\/media?parent=15115"}],"curies":[{"name":"wp","href":"https:\/\/api.w.org\/{rel}","templated":true}]}}