{"id":32738,"date":"2025-07-10T09:02:16","date_gmt":"2025-07-10T06:02:16","guid":{"rendered":"https:\/\/janaziedi.lv\/?page_id=32738"},"modified":"2025-09-08T13:51:42","modified_gmt":"2025-09-08T10:51:42","slug":"payment-and-delivery-terms","status":"publish","type":"page","link":"https:\/\/janaziedi.lv\/en\/apmaksa-un-piegades-noteikumi\/","title":{"rendered":"Delivery"},"content":{"rendered":"<div data-elementor-type=\"wp-page\" data-elementor-id=\"32738\" class=\"elementor elementor-32738\" data-elementor-post-type=\"page\">\n\t\t\t\t<div class=\"elementor-element elementor-element-1d7a0bc e-flex e-con-boxed e-con e-parent\" data-id=\"1d7a0bc\" data-element_type=\"container\" data-e-type=\"container\">\n\t\t\t\t\t<div class=\"e-con-inner\">\n\t\t\t\t<div class=\"elementor-element elementor-element-c443593 elementor-widget elementor-widget-heading\" data-id=\"c443593\" data-element_type=\"widget\" data-e-type=\"widget\" data-widget_type=\"heading.default\">\n\t\t\t\t<div class=\"elementor-widget-container\">\n\t\t\t\t\t<h2 class=\"elementor-heading-title elementor-size-default\">Payment and Delivery Terms - J\u0101\u0146a Ziedi\n<\/h2>\t\t\t\t<\/div>\n\t\t\t\t<\/div>\n\t\t\t\t\t<\/div>\n\t\t\t\t<\/div>\n\t\t<div class=\"elementor-element elementor-element-a6528ef e-flex e-con-boxed e-con e-parent\" data-id=\"a6528ef\" data-element_type=\"container\" data-e-type=\"container\">\n\t\t\t\t\t<div class=\"e-con-inner\">\n\t\t\t\t<div class=\"elementor-element elementor-element-945537e elementor-widget elementor-widget-text-editor\" data-id=\"945537e\" data-element_type=\"widget\" data-e-type=\"widget\" data-widget_type=\"text-editor.default\">\n\t\t\t\t<div class=\"elementor-widget-container\">\n\t\t\t\t\t\t\t\t\t<h2><strong>Payment and delivery terms - SIA \"J\u0101\u0146a Ziedi\"<\/strong><\/h2><p><!-- PIEG\u0100DES NOTEIKUMI --><\/p><h3><strong>Delivery terms<\/strong><\/h3><p>SIA <strong>\"J\u0100\u0145A ZIEDI\"<\/strong> (hereinafter referred to as <em>Seller<\/em>) delivers flowers and gifts <strong>Riga area<\/strong> and <strong>In the Baltic Sea<\/strong>offering customers a choice of <strong>a specific delivery date and time interval<\/strong>.<\/p><p>Our priority is fast, accurate and careful delivery that makes both the sender and the recipient happy.<\/p><hr \/><h4><strong>1. Delivery time and planning<\/strong><\/h4><ul><li><strong>In Riga<\/strong> - approximately <strong>2 hours<\/strong> from the date of payment.<\/li><li><strong>In the Baltic Sea<\/strong> - approximately <strong>3-4 hours<\/strong>.<\/li><\/ul><p><strong>At the time of order<\/strong> the customer can choose a specific delivery <strong>date<\/strong> and <strong>time interval<\/strong> (e.g. 10:00-13:00, 14:00-17:00, etc.) We aim to deliver at the exact time you choose, but unforeseen circumstances (traffic, weather) may cause slight delays.<\/p><hr \/><h4><strong>2. Delivery prices<\/strong><\/h4><table><thead><tr><th>Region<\/th><th>Price (EUR)<\/th><\/tr><\/thead><tbody><tr><td>Riga city centre<\/td><td>3.00<\/td><\/tr><tr><td>Riga districts\/neighbourhoods<\/td><td>5.00<\/td><\/tr><tr><td>Jurmala<\/td><td>15.00<\/td><\/tr><\/tbody><\/table><p>Delivery charge <strong>Calculated automatically in Riga<\/strong>based on the address you entered.<\/p><p>For delivery to <strong>Pier\u012bga<\/strong> (e.g. \u0100da\u017ei, M\u0101rupe, Salaspils, etc.) <strong>contact us<\/strong>:<\/p><p>\ud83d\udcde <a href=\"tel:+37125168858\">+371 25168858<\/a><\/p><hr \/><h4><strong>3. Free delivery<\/strong><\/h4><p>For all orders above <strong>35.00 EUR<\/strong>, delivery <strong>Free within Riga.<\/strong><br \/>The free delivery condition is applied automatically at the time of order.<\/p><hr \/><h4><strong>4. If the beneficiary cannot be reached<\/strong><\/h4><p>Re-delivery or additional charges may apply in the following cases:<\/p><ul><li>The recipient cannot be found at the time and address indicated;<\/li><li>Address or delivery time is subject to change at the last minute;<\/li><li>The beneficiary is more than <strong>30 minutes<\/strong> upon courier's arrival.<\/li><\/ul><p>If the delivery address is changed to a location more than <strong>10 km<\/strong> from the original address, we reserve the right <strong>charge extra or refuse delivery<\/strong>.<\/p><hr \/><h4><strong>5. Orders on public holidays and busy days<\/strong><\/h4><p>Holidays (<strong>14 February<\/strong>, <strong>8 March<\/strong>, <strong>Mother's Day<\/strong> etc.), as well as in the most popular <strong>in name days<\/strong>, orders increase significantly.<br \/>To guarantee on-time delivery, please order for the following dates <strong>at least 2 days in advance<\/strong>.<\/p><p>On these days, the specific delivery times may be <strong>limited or flexible<\/strong>.<\/p><hr \/><h4><strong>6. Modification and cancellation<\/strong><\/h4><ul><li>Changes to or cancellation of an order may be made no later than <strong>3 hours before the selected delivery time<\/strong>.<\/li><li>Later changes may not be enforceable.<\/li><\/ul><hr \/><h4><strong>7. Responsibility and accuracy<\/strong><\/h4><ul><li>We <strong>we accept no liability<\/strong> for delays or failure of delivery if the order specifies <strong>incorrect or incomplete information<\/strong>.<\/li><li>Delivery times are kept as accurate as possible, but occasionally there may be delays due to external circumstances.<\/li><\/ul><hr \/><p><!-- APMAKSAS NOTEIKUMI --><\/p><h3><strong>Payment terms<\/strong><\/h3><p>SIA <strong>\"J\u0100\u0145A ZIEDI\"<\/strong> offers convenient and safe <strong>prepayment options<\/strong>to ensure fast and accurate order fulfilment.<\/p><hr \/><h4 data-start=\"71\" data-end=\"101\"><strong>1. Payments with Walletto<\/strong><\/h4><p data-start=\"102\" data-end=\"174\">The customer can only make a payment through <strong data-start=\"139\" data-end=\"151\">Walletto<\/strong> payment platform<\/p><p data-start=\"176\" data-end=\"292\">Once payment is made, the system automatically registers the payment and the order is processed without delay.<\/p><hr \/><h4><strong>2. Bank payment cards<\/strong><\/h4><p>We accept payments with all major bank cards that support secure online transactions:<\/p><ul><li>Visa (Verified by Visa)<\/li><li>MasterCard (MasterCard SecureCode)<\/li><\/ul><p>If you have any difficulties confirming your payment, please <strong>contact your bank<\/strong> or choose another payment method.<\/p><hr \/><h4><strong>3. Security and processing<\/strong><\/h4><p>All payments are processed through <strong>certified and secure payment systems<\/strong>ensuring the protection and privacy of customer data.<br \/>We <strong>we do not store payment card data<\/strong>.<\/p><hr \/><h4><strong>4. Invoice<\/strong><\/h4><p>After payment is made, an email is sent to the customer's email address <strong>confirmation and invoice in PDF format<\/strong>.<\/p><hr \/><hr \/>\t\t\t\t\t\t\t\t<\/div>\n\t\t\t\t<\/div>\n\t\t\t\t\t<\/div>\n\t\t\t\t<\/div>\n\t\t<div class=\"elementor-element elementor-element-d2ce10a e-flex e-con-boxed e-con e-parent\" data-id=\"d2ce10a\" data-element_type=\"container\" data-e-type=\"container\">\n\t\t\t\t\t<div class=\"e-con-inner\">\n\t\t\t\t<div class=\"elementor-element elementor-element-790853d elementor-widget elementor-widget-spacer\" data-id=\"790853d\" data-element_type=\"widget\" data-e-type=\"widget\" data-widget_type=\"spacer.default\">\n\t\t\t\t<div class=\"elementor-widget-container\">\n\t\t\t\t\t\t\t<div class=\"elementor-spacer\">\n\t\t\t<div class=\"elementor-spacer-inner\"><\/div>\n\t\t<\/div>\n\t\t\t\t\t\t<\/div>\n\t\t\t\t<\/div>\n\t\t\t\t\t<\/div>\n\t\t\t\t<\/div>\n\t\t\t\t<\/div>","protected":false},"excerpt":{"rendered":"<p>Apmaksas un pieg\u0101des noteikumi \u2013 J\u0101\u0146a Ziedi Apmaksas un pieg\u0101des noteikumi \u2013 SIA &#8220;J\u0101\u0146a Ziedi&#8221; Pieg\u0101des noteikumi SIA &#8220;J\u0101\u0146a Ziedi&#8221; (turpm\u0101k \u2013 P\u0101rdev\u0113js) nodro\u0161ina ziedu un d\u0101vanu pieg\u0101di R\u012bgas teritorij\u0101 un Pier\u012bg\u0101, pied\u0101v\u0101jot iesp\u0113ju klientiem izv\u0113l\u0113ties konkr\u0113tu pieg\u0101des datumu un laika interv\u0101lu. M\u016bsu priorit\u0101te \u2013 \u0101tra, prec\u012bza un uzman\u012bga pieg\u0101de, kas rada prieku gan nos\u016bt\u012bt\u0101jam, [&hellip;]<\/p>\n","protected":false},"author":2,"featured_media":0,"parent":0,"menu_order":0,"comment_status":"closed","ping_status":"closed","template":"","meta":{"footnotes":""},"class_list":["post-32738","page","type-page","status-publish","hentry"],"_links":{"self":[{"href":"https:\/\/janaziedi.lv\/en\/wp-json\/wp\/v2\/pages\/32738","targetHints":{"allow":["GET"]}}],"collection":[{"href":"https:\/\/janaziedi.lv\/en\/wp-json\/wp\/v2\/pages"}],"about":[{"href":"https:\/\/janaziedi.lv\/en\/wp-json\/wp\/v2\/types\/page"}],"author":[{"embeddable":true,"href":"https:\/\/janaziedi.lv\/en\/wp-json\/wp\/v2\/users\/2"}],"replies":[{"embeddable":true,"href":"https:\/\/janaziedi.lv\/en\/wp-json\/wp\/v2\/comments?post=32738"}],"version-history":[{"count":25,"href":"https:\/\/janaziedi.lv\/en\/wp-json\/wp\/v2\/pages\/32738\/revisions"}],"predecessor-version":[{"id":37483,"href":"https:\/\/janaziedi.lv\/en\/wp-json\/wp\/v2\/pages\/32738\/revisions\/37483"}],"wp:attachment":[{"href":"https:\/\/janaziedi.lv\/en\/wp-json\/wp\/v2\/media?parent=32738"}],"curies":[{"name":"wp","href":"https:\/\/api.w.org\/{rel}","templated":true}]}}