{"id":14474,"date":"2020-08-19T07:40:26","date_gmt":"2020-08-19T07:40:26","guid":{"rendered":"https:\/\/wpbingosite.com\/wordpress\/florial\/?page_id=14474"},"modified":"2025-11-26T17:37:30","modified_gmt":"2025-11-26T15:37:30","slug":"chasto-zadavaemye-voprosy","status":"publish","type":"page","link":"https:\/\/janaziedi.lv\/ru\/biezak-uzdotie-jautajumi\/","title":{"rendered":"\u0427\u0410\u0421\u0422\u041e \u0417\u0410\u0414\u0410\u0412\u0410\u0415\u041c\u042b\u0415 \u0412\u041e\u041f\u0420\u041e\u0421\u042b"},"content":{"rendered":"<div data-elementor-type=\"wp-page\" data-elementor-id=\"14474\" class=\"elementor elementor-14474\" data-elementor-post-type=\"page\">\n\t\t\t\t\t\t<section class=\"elementor-section elementor-top-section elementor-element elementor-element-66e9c05 elementor-section-boxed elementor-section-height-default elementor-section-height-default\" data-id=\"66e9c05\" data-element_type=\"section\" data-e-type=\"section\">\n\t\t\t\t\t\t<div class=\"elementor-container elementor-column-gap-default\">\n\t\t\t\t\t<div class=\"elementor-column elementor-col-100 elementor-top-column elementor-element elementor-element-4170ba4\" data-id=\"4170ba4\" data-element_type=\"column\" data-e-type=\"column\">\n\t\t\t<div class=\"elementor-widget-wrap elementor-element-populated\">\n\t\t\t\t\t\t<div class=\"elementor-element elementor-element-ba7f0e9 title-block-1 elementor-widget elementor-widget-heading\" data-id=\"ba7f0e9\" data-element_type=\"widget\" data-e-type=\"widget\" data-widget_type=\"heading.default\">\n\t\t\t\t<div class=\"elementor-widget-container\">\n\t\t\t\t\t<h2 class=\"elementor-heading-title elementor-size-default\">\u0427\u0430\u0441\u0442\u043e \u0437\u0430\u0434\u0430\u0432\u0430\u0435\u043c\u044b\u0435 \u0432\u043e\u043f\u0440\u043e\u0441\u044b<\/h2>\t\t\t\t<\/div>\n\t\t\t\t<\/div>\n\t\t\t\t\t<\/div>\n\t\t<\/div>\n\t\t\t\t\t<\/div>\n\t\t<\/section>\n\t\t\t\t<section class=\"elementor-section elementor-top-section elementor-element elementor-element-acbdb48 elementor-section-boxed elementor-section-height-default elementor-section-height-default\" data-id=\"acbdb48\" data-element_type=\"section\" data-e-type=\"section\">\n\t\t\t\t\t\t<div class=\"elementor-container elementor-column-gap-default\">\n\t\t\t\t\t<div class=\"elementor-column elementor-col-50 elementor-top-column elementor-element elementor-element-2d2b84b\" data-id=\"2d2b84b\" data-element_type=\"column\" data-e-type=\"column\">\n\t\t\t<div class=\"elementor-widget-wrap elementor-element-populated\">\n\t\t\t\t\t\t<div class=\"elementor-element elementor-element-a63f043 elementor-widget__width-initial elementor-widget elementor-widget-text-editor\" data-id=\"a63f043\" data-element_type=\"widget\" data-e-type=\"widget\" data-widget_type=\"text-editor.default\">\n\t\t\t\t<div class=\"elementor-widget-container\">\n\t\t\t\t\t\t\t\t\t<div id=\"pasutijums-wrapper\"><h2 id=\"pasutijums-title\">\u0417\u0430\u043a\u0430\u0437<\/h2><div class=\"pasutijums-section\"><h3 class=\"pasutijums-heading\">\u041a\u0430\u043a \u0441\u0434\u0435\u043b\u0430\u0442\u044c \u0437\u0430\u043a\u0430\u0437?<\/h3><p class=\"pasutijums-paragraph\">\u0412\u044b \u043c\u043e\u0436\u0435\u0442\u0435 \u043e\u0444\u043e\u0440\u043c\u0438\u0442\u044c \u0437\u0430\u043a\u0430\u0437 \u043e\u043d\u043b\u0430\u0439\u043d \u0432 \u043d\u0430\u0448\u0435\u043c \u0438\u043d\u0442\u0435\u0440\u043d\u0435\u0442-\u043c\u0430\u0433\u0430\u0437\u0438\u043d\u0435 \u0438\u043b\u0438 \u043d\u0430 \u043c\u0435\u0441\u0442\u0435 \u0432 \u0446\u0432\u0435\u0442\u043e\u0447\u043d\u043e\u043c \u0441\u0430\u043b\u043e\u043d\u0435.<br \/>\u0412\u044b\u0431\u0435\u0440\u0438\u0442\u0435 \u0446\u0432\u0435\u0442\u044b \u043e\u043d\u043b\u0430\u0439\u043d, \u0437\u0430\u043f\u043e\u043b\u043d\u0438\u0442\u0435 \u0438\u043d\u0444\u043e\u0440\u043c\u0430\u0446\u0438\u044e \u043e \u0434\u043e\u0441\u0442\u0430\u0432\u043a\u0435 \u0438 \u043f\u0440\u043e\u0438\u0437\u0432\u0435\u0434\u0438\u0442\u0435 \u043e\u043f\u043b\u0430\u0442\u0443.<br \/>\u0415\u0441\u043b\u0438 \u0443 \u0432\u0430\u0441 \u0432\u043e\u0437\u043d\u0438\u043a\u043d\u0443\u0442 \u0432\u043e\u043f\u0440\u043e\u0441\u044b, \u043d\u0430\u0448\u0430 \u043a\u043e\u043c\u0430\u043d\u0434\u0430 \u0432\u0441\u0435\u0433\u0434\u0430 \u0433\u043e\u0442\u043e\u0432\u0430 \u043f\u043e\u043c\u043e\u0447\u044c.<\/p><\/div><div class=\"pasutijums-section\"><h3 class=\"pasutijums-heading\">\u041f\u043e\u043b\u0443\u0447\u0443 \u043b\u0438 \u044f \u0441\u0447\u0451\u0442?<\/h3><p class=\"pasutijums-paragraph\">\u0421\u0447\u0435\u0442 \u0431\u0443\u0434\u0435\u0442 \u043e\u0442\u043f\u0440\u0430\u0432\u043b\u0435\u043d \u043d\u0430 \u0443\u043a\u0430\u0437\u0430\u043d\u043d\u044b\u0439 \u0432\u0430\u043c\u0438 \u0430\u0434\u0440\u0435\u0441 \u044d\u043b\u0435\u043a\u0442\u0440\u043e\u043d\u043d\u043e\u0439 \u043f\u043e\u0447\u0442\u044b \u043f\u043e\u0441\u043b\u0435 \u043e\u043f\u043b\u0430\u0442\u044b.<br \/>\u0415\u0441\u043b\u0438 \u0443 \u0432\u0430\u0441 \u0432\u043e\u0437\u043d\u0438\u043a\u043d\u0443\u0442 \u0432\u043e\u043f\u0440\u043e\u0441\u044b, \u0441\u0432\u044f\u0436\u0438\u0442\u0435\u0441\u044c \u0441 \u043d\u0430\u043c\u0438 \u2014 \u043c\u044b \u043f\u043e\u043c\u043e\u0436\u0435\u043c \u0432\u0430\u043c \u043d\u0430\u0439\u0442\u0438 \u043d\u0435\u043e\u0431\u0445\u043e\u0434\u0438\u043c\u0443\u044e \u0438\u043d\u0444\u043e\u0440\u043c\u0430\u0446\u0438\u044e \u0438\u043b\u0438 \u043f\u043e\u0432\u0442\u043e\u0440\u043d\u043e \u0432\u044b\u0448\u043b\u0435\u043c \u0441\u0447\u0435\u0442.<\/p><\/div><\/div>\t\t\t\t\t\t\t\t<\/div>\n\t\t\t\t<\/div>\n\t\t\t\t\t<\/div>\n\t\t<\/div>\n\t\t\t\t<div class=\"elementor-column elementor-col-50 elementor-top-column elementor-element elementor-element-46827e5\" data-id=\"46827e5\" data-element_type=\"column\" data-e-type=\"column\">\n\t\t\t<div class=\"elementor-widget-wrap elementor-element-populated\">\n\t\t\t\t\t\t<div class=\"elementor-element elementor-element-e6085e4 elementor-widget elementor-widget-text-editor\" data-id=\"e6085e4\" data-element_type=\"widget\" data-e-type=\"widget\" data-widget_type=\"text-editor.default\">\n\t\t\t\t<div class=\"elementor-widget-container\">\n\t\t\t\t\t\t\t\t\t<div id=\"piegade-bloks\"><h2 class=\"piegade-nosaukums\">\u0414\u043e\u0441\u0442\u0430\u0432\u043a\u0430<\/h2><div class=\"piegade-sadala\"><h3 class=\"piegade-virsraksts\">\u041a\u043e\u0433\u0434\u0430 \u044f \u043f\u043e\u043b\u0443\u0447\u0443 \u0441\u0432\u043e\u0439 \u0437\u0430\u043a\u0430\u0437?<\/h3><p class=\"piegade-teksts\">\u0421\u0440\u043e\u043a \u0434\u043e\u0441\u0442\u0430\u0432\u043a\u0438 \u0443\u043a\u0430\u0437\u044b\u0432\u0430\u0435\u0442\u0441\u044f \u043d\u0430 \u043c\u043e\u043c\u0435\u043d\u0442 \u043e\u0444\u043e\u0440\u043c\u043b\u0435\u043d\u0438\u044f \u0438 \u043f\u043e\u0434\u0442\u0432\u0435\u0440\u0436\u0434\u0435\u043d\u0438\u044f \u0437\u0430\u043a\u0430\u0437\u0430.<br \/>\u0414\u043e\u0441\u0442\u0430\u0432\u043a\u0430 \u043e\u0441\u0443\u0449\u0435\u0441\u0442\u0432\u043b\u044f\u0435\u0442\u0441\u044f \u0432 \u0441\u043e\u043e\u0442\u0432\u0435\u0442\u0441\u0442\u0432\u0438\u0438 \u0441 \u0432\u044b\u0431\u0440\u0430\u043d\u043d\u043e\u0439 \u0434\u0430\u0442\u043e\u0439 \u0438 \u0432\u0440\u0435\u043c\u0435\u043d\u0435\u043c, \u0441\u0442\u0440\u0435\u043c\u044f\u0441\u044c \u043e\u0431\u0435\u0441\u043f\u0435\u0447\u0438\u0442\u044c \u0431\u044b\u0441\u0442\u0440\u043e\u0435 \u0438 \u0442\u043e\u0447\u043d\u043e\u0435 \u043e\u0431\u0441\u043b\u0443\u0436\u0438\u0432\u0430\u043d\u0438\u0435.<\/p><\/div><div class=\"piegade-sadala\"><h3 class=\"piegade-virsraksts\">\u041c\u043e\u0433\u0443 \u043b\u0438 \u044f \u043e\u0442\u043c\u0435\u043d\u0438\u0442\u044c \u0441\u0432\u043e\u0439 \u0437\u0430\u043a\u0430\u0437?<\/h3><p class=\"piegade-teksts\">\u0415\u0441\u043b\u0438 \u0432\u0430\u0448 \u0437\u0430\u043a\u0430\u0437 \u0435\u0449\u0435 \u043d\u0435 \u043e\u0442\u043f\u0440\u0430\u0432\u043b\u0435\u043d, \u043f\u043e\u0436\u0430\u043b\u0443\u0439\u0441\u0442\u0430, \u0441\u0432\u044f\u0436\u0438\u0442\u0435\u0441\u044c \u0441 \u043d\u0430\u043c\u0438 \u043a\u0430\u043a \u043c\u043e\u0436\u043d\u043e \u0441\u043a\u043e\u0440\u0435\u0435.<br \/>\u041c\u044b \u043f\u043e\u0441\u0442\u0430\u0440\u0430\u0435\u043c\u0441\u044f \u043e\u0442\u043c\u0435\u043d\u0438\u0442\u044c \u0437\u0430\u043a\u0430\u0437 \u0438 \u0432\u0435\u0440\u043d\u0443\u0442\u044c \u0434\u0435\u043d\u044c\u0433\u0438. \u0415\u0441\u043b\u0438 \u0437\u0430\u043a\u0430\u0437 \u0443\u0436\u0435 \u043e\u0442\u043f\u0440\u0430\u0432\u043b\u0435\u043d, \u043e\u0442\u043c\u0435\u043d\u0430 \u043d\u0435\u0432\u043e\u0437\u043c\u043e\u0436\u043d\u0430.<\/p><\/div><div class=\"piegade-sadala\"><h3 class=\"piegade-virsraksts\">\u0412\u043e\u0437\u043c\u043e\u0436\u043d\u0430 \u043b\u0438 \u0434\u043e\u0441\u0442\u0430\u0432\u043a\u0430 \u0432 \u043e\u043f\u0440\u0435\u0434\u0435\u043b\u0435\u043d\u043d\u043e\u0435 \u0432\u0440\u0435\u043c\u044f?<\/h3><p class=\"piegade-teksts\">\u0414\u0430, \u0432\u044b \u043c\u043e\u0436\u0435\u0442\u0435 \u0432\u044b\u0431\u0440\u0430\u0442\u044c \u0436\u0435\u043b\u0430\u0435\u043c\u044b\u0439 \u0438\u043d\u0442\u0435\u0440\u0432\u0430\u043b \u0432\u0440\u0435\u043c\u0435\u043d\u0438 \u0434\u043e\u0441\u0442\u0430\u0432\u043a\u0438 \u043f\u0440\u0438 \u043e\u0444\u043e\u0440\u043c\u043b\u0435\u043d\u0438\u0438 \u0437\u0430\u043a\u0430\u0437\u0430.<br \/>\u041c\u044b \u0434\u0435\u043b\u0430\u0435\u043c \u0432\u0441\u0451 \u0432\u043e\u0437\u043c\u043e\u0436\u043d\u043e\u0435, \u0447\u0442\u043e\u0431\u044b \u0441\u043e\u0431\u043b\u044e\u0434\u0430\u0442\u044c \u044d\u0442\u043e \u043f\u0440\u0430\u0432\u0438\u043b\u043e. \u0415\u0441\u043b\u0438 \u0432\u043e\u0437\u043d\u0438\u043a\u043d\u0443\u0442 \u043a\u0430\u043a\u0438\u0435-\u043b\u0438\u0431\u043e \u0432\u043e\u043f\u0440\u043e\u0441\u044b, \u043d\u0430\u0448\u0430 \u043a\u043e\u043c\u0430\u043d\u0434\u0430 \u0441\u0432\u044f\u0436\u0435\u0442\u0441\u044f \u0441 \u0432\u0430\u043c\u0438.<\/p><\/div><\/div>\t\t\t\t\t\t\t\t<\/div>\n\t\t\t\t<\/div>\n\t\t\t\t\t<\/div>\n\t\t<\/div>\n\t\t\t\t\t<\/div>\n\t\t<\/section>\n\t\t\t\t<section class=\"elementor-section elementor-top-section elementor-element elementor-element-654ba5d elementor-section-boxed elementor-section-height-default elementor-section-height-default\" data-id=\"654ba5d\" data-element_type=\"section\" data-e-type=\"section\">\n\t\t\t\t\t\t<div class=\"elementor-container elementor-column-gap-default\">\n\t\t\t\t\t<div class=\"elementor-column elementor-col-50 elementor-top-column elementor-element elementor-element-79cd7ac\" data-id=\"79cd7ac\" data-element_type=\"column\" data-e-type=\"column\">\n\t\t\t<div class=\"elementor-widget-wrap elementor-element-populated\">\n\t\t\t\t\t\t<div class=\"elementor-element elementor-element-e61f810 elementor-widget elementor-widget-text-editor\" data-id=\"e61f810\" data-element_type=\"widget\" data-e-type=\"widget\" data-widget_type=\"text-editor.default\">\n\t\t\t\t<div class=\"elementor-widget-container\">\n\t\t\t\t\t\t\t\t\t<div id=\"apmaksa-bloks\"><h2 class=\"apmaksa-nosaukums\">\u041e\u043f\u043b\u0430\u0442\u0430<\/h2><div class=\"apmaksa-sadala\"><h3 class=\"apmaksa-virsraksts\">\u041a\u0430\u043a\u0438\u0435 \u0432\u0430\u0440\u0438\u0430\u043d\u0442\u044b \u043e\u043f\u043b\u0430\u0442\u044b \u0434\u043e\u0441\u0442\u0443\u043f\u043d\u044b?<\/h3><p class=\"apmaksa-teksts\">\u041c\u044b \u043f\u0440\u0435\u0434\u043b\u0430\u0433\u0430\u0435\u043c \u043e\u043f\u043b\u0430\u0442\u0443 \u043a\u0430\u0440\u0442\u043e\u0439 \u043a\u0430\u043a \u0435\u0434\u0438\u043d\u0441\u0442\u0432\u0435\u043d\u043d\u044b\u0439 \u0441\u043f\u043e\u0441\u043e\u0431 \u043e\u043f\u043b\u0430\u0442\u044b \u0437\u0430\u043a\u0430\u0437\u043e\u0432.<br \/>\u041e\u043d\u043b\u0430\u0439\u043d-\u043f\u043b\u0430\u0442\u0435\u0436\u0438 \u043e\u0431\u0440\u0430\u0431\u0430\u0442\u044b\u0432\u0430\u044e\u0442\u0441\u044f \u0431\u0435\u0437\u043e\u043f\u0430\u0441\u043d\u043e \u0438 \u0431\u044b\u0441\u0442\u0440\u043e.<\/p><\/div><div class=\"apmaksa-sadala\"><h3 class=\"apmaksa-virsraksts\">\u041c\u043e\u0433\u0443 \u043b\u0438 \u044f \u043e\u043f\u043b\u0430\u0442\u0438\u0442\u044c \u0434\u043e\u0441\u0442\u0430\u0432\u043a\u0443?<\/h3><p class=\"apmaksa-teksts\">\u041e\u043f\u043b\u0430\u0442\u0430 \u043e\u0431\u044b\u0447\u043d\u043e \u043f\u0440\u043e\u0438\u0437\u0432\u043e\u0434\u0438\u0442\u0441\u044f \u043e\u043d\u043b\u0430\u0439\u043d.<br \/>\u0415\u0441\u043b\u0438 \u0432\u044b \u0445\u043e\u0442\u0438\u0442\u0435 \u043e\u043f\u043b\u0430\u0442\u0438\u0442\u044c \u0434\u043e\u0441\u0442\u0430\u0432\u043a\u0443, \u043f\u043e\u0436\u0430\u043b\u0443\u0439\u0441\u0442\u0430, \u0441\u0432\u044f\u0436\u0438\u0442\u0435\u0441\u044c \u0441 \u043d\u0430\u043c\u0438 \u0434\u043e \u043e\u0444\u043e\u0440\u043c\u043b\u0435\u043d\u0438\u044f \u0437\u0430\u043a\u0430\u0437\u0430, \u0447\u0442\u043e\u0431\u044b \u043e\u0431\u0441\u0443\u0434\u0438\u0442\u044c \u0432\u043e\u0437\u043c\u043e\u0436\u043d\u044b\u0435 \u0432\u0430\u0440\u0438\u0430\u043d\u0442\u044b.<\/p><\/div><\/div>\t\t\t\t\t\t\t\t<\/div>\n\t\t\t\t<\/div>\n\t\t\t\t\t<\/div>\n\t\t<\/div>\n\t\t\t\t<div class=\"elementor-column elementor-col-50 elementor-top-column elementor-element elementor-element-76aaebb\" data-id=\"76aaebb\" data-element_type=\"column\" data-e-type=\"column\">\n\t\t\t<div class=\"elementor-widget-wrap elementor-element-populated\">\n\t\t\t\t\t\t<div class=\"elementor-element elementor-element-ea361b8 elementor-widget elementor-widget-text-editor\" data-id=\"ea361b8\" data-element_type=\"widget\" data-e-type=\"widget\" data-widget_type=\"text-editor.default\">\n\t\t\t\t<div class=\"elementor-widget-container\">\n\t\t\t\t\t\t\t\t\t<div id=\"atgriesana-bloks\">\n<h2 class=\"atgriesana-nosaukums\"> \u0412\u043e\u0437\u0432\u0440\u0430\u0442 \u0438 \u0436\u0430\u043b\u043e\u0431\u044b<\/h2>\n<div class=\"atgriesana-sadala\">\n<h3 class=\"atgriesana-virsraksts\">\u0427\u0442\u043e \u0434\u0435\u043b\u0430\u0442\u044c, \u0435\u0441\u043b\u0438 \u0446\u0432\u0435\u0442\u044b \u043f\u043e\u0432\u0440\u0435\u0436\u0434\u0435\u043d\u044b \u0438\u043b\u0438 \u043d\u0435 \u0441\u043e\u043e\u0442\u0432\u0435\u0442\u0441\u0442\u0432\u0443\u044e\u0442 \u0437\u0430\u043a\u0430\u0437\u0443?<\/h3>\n<p class=\"atgriesana-teksts\">\u041c\u044b \u0442\u0449\u0430\u0442\u0435\u043b\u044c\u043d\u043e \u043f\u0440\u043e\u0432\u0435\u0440\u044f\u0435\u043c \u043a\u0430\u0436\u0434\u044b\u0439 \u0437\u0430\u043a\u0430\u0437 \u043f\u0435\u0440\u0435\u0434 \u043e\u0442\u043f\u0440\u0430\u0432\u043a\u043e\u0439, \u043d\u043e \u043f\u043e\u043d\u0438\u043c\u0430\u0435\u043c, \u0447\u0442\u043e \u043c\u043e\u0433\u0443\u0442 \u0432\u043e\u0437\u043d\u0438\u043a\u043d\u0443\u0442\u044c \u043d\u0435\u0434\u043e\u0440\u0430\u0437\u0443\u043c\u0435\u043d\u0438\u044f \u0438\u043b\u0438 \u043d\u0435\u043f\u0440\u0435\u0434\u0432\u0438\u0434\u0435\u043d\u043d\u044b\u0435 \u0441\u0438\u0442\u0443\u0430\u0446\u0438\u0438.\n\u0415\u0441\u043b\u0438 \u0432\u044b \u043f\u043e\u043b\u0443\u0447\u0438\u043b\u0438 \u043f\u043e\u0432\u0440\u0435\u0436\u0434\u0435\u043d\u043d\u044b\u0439 \u0438\u043b\u0438 \u043d\u0435\u043f\u0440\u0430\u0432\u0438\u043b\u044c\u043d\u044b\u0439 \u0442\u043e\u0432\u0430\u0440, \u043f\u043e\u0436\u0430\u043b\u0443\u0439\u0441\u0442\u0430, \u0441\u0432\u044f\u0436\u0438\u0442\u0435\u0441\u044c \u0441 \u043d\u0430\u043c\u0438 \u0432 \u0442\u0435\u0447\u0435\u043d\u0438\u0435 24 \u0447\u0430\u0441\u043e\u0432.\n\u041c\u044b \u043f\u0440\u0435\u0434\u043b\u043e\u0436\u0438\u043c \u0437\u0430\u043c\u0435\u043d\u0443 \u0438\u043b\u0438 \u0432\u043e\u0437\u0432\u0440\u0430\u0442 \u0434\u0435\u043d\u0435\u0433 \u0432 \u0437\u0430\u0432\u0438\u0441\u0438\u043c\u043e\u0441\u0442\u0438 \u043e\u0442 \u0441\u0438\u0442\u0443\u0430\u0446\u0438\u0438.<\/p>\n\n<\/div>\n<div class=\"atgriesana-sadala\">\n<h3 class=\"atgriesana-virsraksts\">\u041c\u043e\u0433\u0443 \u043b\u0438 \u044f \u0432\u0435\u0440\u043d\u0443\u0442\u044c \u0446\u0432\u0435\u0442\u044b?<\/h3>\n<p class=\"atgriesana-teksts\">\u0426\u0432\u0435\u0442\u044b - \u0441\u043a\u043e\u0440\u043e\u043f\u043e\u0440\u0442\u044f\u0449\u0438\u0439\u0441\u044f \u0442\u043e\u0432\u0430\u0440 \u0438 \u043d\u0435 \u043f\u043e\u0434\u043b\u0435\u0436\u0430\u0442 \u0432\u043e\u0437\u0432\u0440\u0430\u0442\u0443, \u0437\u0430 \u0438\u0441\u043a\u043b\u044e\u0447\u0435\u043d\u0438\u0435\u043c \u0441\u043b\u0443\u0447\u0430\u0435\u0432, \u043a\u043e\u0433\u0434\u0430 \u0438\u043c\u0435\u044e\u0442\u0441\u044f \u0434\u0435\u0444\u0435\u043a\u0442\u044b \u043a\u0430\u0447\u0435\u0441\u0442\u0432\u0430 \u0438\u043b\u0438 \u0434\u043e\u0441\u0442\u0430\u0432\u043a\u0438.\n\u041d\u0430\u0448\u0430 \u0446\u0435\u043b\u044c - \u043e\u0431\u0435\u0441\u043f\u0435\u0447\u0438\u0442\u044c \u0443\u0434\u043e\u0432\u043b\u0435\u0442\u0432\u043e\u0440\u0435\u043d\u043d\u043e\u0441\u0442\u044c \u043a\u043b\u0438\u0435\u043d\u0442\u043e\u0432, \u043f\u043e\u044d\u0442\u043e\u043c\u0443 \u043a\u0430\u0436\u0434\u044b\u0439 \u0441\u043b\u0443\u0447\u0430\u0439 \u0440\u0430\u0441\u0441\u043c\u0430\u0442\u0440\u0438\u0432\u0430\u0435\u0442\u0441\u044f \u0438\u043d\u0434\u0438\u0432\u0438\u0434\u0443\u0430\u043b\u044c\u043d\u043e.<\/p>\n\n<\/div>\n<\/div>\t\t\t\t\t\t\t\t<\/div>\n\t\t\t\t<\/div>\n\t\t\t\t\t<\/div>\n\t\t<\/div>\n\t\t\t\t\t<\/div>\n\t\t<\/section>\n\t\t\t\t<\/div>","protected":false},"excerpt":{"rendered":"<p>Bie\u017e\u0101k uzdotie jaut\u0101jumi Pas\u016bt\u012bjums K\u0101 veikt pas\u016bt\u012bjumu? Pas\u016bt\u012bjumu var veikt tie\u0161saist\u0113 m\u016bsu e-veikal\u0101 vai uz vietas ziedu salon\u0101.Tie\u0161saist\u0113 izv\u0113lieties ziedus, aizpildiet pieg\u0101des inform\u0101ciju un veiciet apmaksu.Ja rodas k\u0101di jaut\u0101jumi, m\u016bsu komanda vienm\u0113r ir gatava pal\u012bdz\u0113t. Vai sa\u0146em\u0161u r\u0113\u0137inu? R\u0113\u0137ins tiek nos\u016bt\u012bts uz nor\u0101d\u012bto e-pastu p\u0113c apmaksas.Ja rodas neskaidr\u012bbas, sazinieties ar mums \u2014 pal\u012bdz\u0113sim atrast nepiecie\u0161amo [&hellip;]<\/p>\n","protected":false},"author":2,"featured_media":0,"parent":0,"menu_order":0,"comment_status":"closed","ping_status":"closed","template":"","meta":{"footnotes":""},"class_list":["post-14474","page","type-page","status-publish","hentry"],"_links":{"self":[{"href":"https:\/\/janaziedi.lv\/ru\/wp-json\/wp\/v2\/pages\/14474","targetHints":{"allow":["GET"]}}],"collection":[{"href":"https:\/\/janaziedi.lv\/ru\/wp-json\/wp\/v2\/pages"}],"about":[{"href":"https:\/\/janaziedi.lv\/ru\/wp-json\/wp\/v2\/types\/page"}],"author":[{"embeddable":true,"href":"https:\/\/janaziedi.lv\/ru\/wp-json\/wp\/v2\/users\/2"}],"replies":[{"embeddable":true,"href":"https:\/\/janaziedi.lv\/ru\/wp-json\/wp\/v2\/comments?post=14474"}],"version-history":[{"count":31,"href":"https:\/\/janaziedi.lv\/ru\/wp-json\/wp\/v2\/pages\/14474\/revisions"}],"predecessor-version":[{"id":38077,"href":"https:\/\/janaziedi.lv\/ru\/wp-json\/wp\/v2\/pages\/14474\/revisions\/38077"}],"wp:attachment":[{"href":"https:\/\/janaziedi.lv\/ru\/wp-json\/wp\/v2\/media?parent=14474"}],"curies":[{"name":"WP","href":"https:\/\/api.w.org\/{rel}","templated":true}]}}