{"id":37336,"date":"2025-09-04T17:10:10","date_gmt":"2025-09-04T14:10:10","guid":{"rendered":"https:\/\/janaziedi.lv\/?page_id=37336"},"modified":"2025-09-04T17:59:03","modified_gmt":"2025-09-04T14:59:03","slug":"uslovia-ispolzovania","status":"publish","type":"page","link":"https:\/\/janaziedi.lv\/ru\/lietosanas-noteikumi\/","title":{"rendered":"\u0423\u0441\u043b\u043e\u0432\u0438\u044f \u0438\u0441\u043f\u043e\u043b\u044c\u0437\u043e\u0432\u0430\u043d\u0438\u044f"},"content":{"rendered":"<div data-elementor-type=\"wp-page\" data-elementor-id=\"37336\" class=\"elementor elementor-37336\" data-elementor-post-type=\"page\">\n\t\t\t\t<div class=\"elementor-element elementor-element-59483c7 e-flex e-con-boxed e-con e-parent\" data-id=\"59483c7\" data-element_type=\"container\" data-e-type=\"container\">\n\t\t\t\t\t<div class=\"e-con-inner\">\n\t\t<div class=\"elementor-element elementor-element-5ffb3dc e-con-full e-flex e-con e-child\" data-id=\"5ffb3dc\" data-element_type=\"container\" data-e-type=\"container\">\n\t\t\t\t<div class=\"elementor-element elementor-element-6fae43a elementor-widget elementor-widget-heading\" data-id=\"6fae43a\" data-element_type=\"widget\" data-e-type=\"widget\" data-widget_type=\"heading.default\">\n\t\t\t\t<div class=\"elementor-widget-container\">\n\t\t\t\t\t<h2 class=\"elementor-heading-title elementor-size-default\">\u0423\u0441\u043b\u043e\u0432\u0438\u044f \u0438\u0441\u043f\u043e\u043b\u044c\u0437\u043e\u0432\u0430\u043d\u0438\u044f - J\u0101\u0146a Ziedi\n<\/h2>\t\t\t\t<\/div>\n\t\t\t\t<\/div>\n\t\t<div class=\"elementor-element elementor-element-e83e6cc e-con-full e-flex e-con e-child\" data-id=\"e83e6cc\" data-element_type=\"container\" data-e-type=\"container\">\n\t\t\t\t<div class=\"elementor-element elementor-element-d0380db elementor-widget elementor-widget-text-editor\" data-id=\"d0380db\" data-element_type=\"widget\" data-e-type=\"widget\" data-widget_type=\"text-editor.default\">\n\t\t\t\t<div class=\"elementor-widget-container\">\n\t\t\t\t\t\t\t\t\t<h2><strong>\u0423\u0441\u043b\u043e\u0432\u0438\u044f \u0438\u0441\u043f\u043e\u043b\u044c\u0437\u043e\u0432\u0430\u043d\u0438\u044f - SIA \"J\u0101\u0146a Ziedi\"<\/strong><\/h2><p><!-- PIEG\u0100DES NOTEIKUMI --><\/p><p><strong>\u041d\u0430\u0447\u0438\u043d\u0430\u044f \u0441<\/strong>: 04.09.2025<br \/><strong>\u041c\u0430\u0433\u0430\u0437\u0438\u043d<\/strong>: J\u0101\u0146a Ziedi<br \/><strong>\u041a\u043e\u043c\u043f\u0430\u043d\u0438\u044f<\/strong>: SIA \"J\u0101\u0146a Ziedi\", \u0440\u0435\u0433. \u041d\u043e\u043c\u0435\u0440: 50203155561, \u044e\u0440\u0438\u0434\u0438\u0447\u0435\u0441\u043a\u0438\u0439 \u0430\u0434\u0440\u0435\u0441: \u0443\u043b. \u0410\u043b\u0435\u043a\u0441\u0430\u043d\u0434\u0440\u0430 \u0427\u0430\u043a\u0430 22-2N, \u0420\u0438\u0433\u0430, LV-1011, \u041b\u0430\u0442\u0432\u0438\u044f<br \/><strong>\u0421\u0430\u0439\u0442<\/strong>: <a href=\"https:\/\/janaziedi.lv\/ru\/\">www.janaziedi.lv<\/a><\/p><hr \/><h4><strong>1. \u041e\u0431\u0449\u0438\u0435 \u043f\u0440\u0430\u0432\u0438\u043b\u0430<\/strong><\/h4><p>\u00a0 \u00a0 1.1 \u041d\u0430\u0441\u0442\u043e\u044f\u0449\u0438\u0435 \u0423\u0441\u043b\u043e\u0432\u0438\u044f \u0438 \u043f\u043e\u043b\u043e\u0436\u0435\u043d\u0438\u044f \u0440\u0435\u0433\u0443\u043b\u0438\u0440\u0443\u044e\u0442 \u043e\u0442\u043d\u043e\u0448\u0435\u043d\u0438\u044f \u043c\u0435\u0436\u0434\u0443 \u041f\u0440\u043e\u0434\u0430\u0432\u0446\u043e\u043c \u0438 \u041f\u043e\u043a\u0443\u043f\u0430\u0442\u0435\u043b\u0435\u043c \u0432 \u0441\u0432\u044f\u0437\u0438 \u0441 \u043f\u043e\u043a\u0443\u043f\u043a\u043e\u0439 \u0442\u043e\u0432\u0430\u0440\u043e\u0432 \u043d\u0430 \u0441\u0430\u0439\u0442\u0435 www.janaziedi.lv.<\/p><p>\u00a0 \u00a0 1.2 \u041f\u043e\u0441\u0435\u0449\u0430\u044f \u0438 \u0438\u0441\u043f\u043e\u043b\u044c\u0437\u0443\u044f \u0412\u0435\u0431-\u0441\u0430\u0439\u0442, \u041a\u043b\u0438\u0435\u043d\u0442 \u043f\u043e\u0434\u0442\u0432\u0435\u0440\u0436\u0434\u0430\u0435\u0442, \u0447\u0442\u043e \u043e\u043d\/\u043e\u043d\u0430 \u043e\u0437\u043d\u0430\u043a\u043e\u043c\u0438\u043b\u0441\u044f\/\u0430\u0441\u044c \u0441 \u043d\u0430\u0441\u0442\u043e\u044f\u0449\u0438\u043c\u0438 \u0423\u0441\u043b\u043e\u0432\u0438\u044f\u043c\u0438 \u0438 \u0441\u043e\u0433\u043b\u0430\u0441\u0435\u043d\/\u0430 \u0441 \u043d\u0438\u043c\u0438.<\/p><p>\u00a0 \u00a0 1.3 \u041f\u0440\u043e\u0434\u0430\u0432\u0435\u0446 \u043e\u0441\u0442\u0430\u0432\u043b\u044f\u0435\u0442 \u0437\u0430 \u0441\u043e\u0431\u043e\u0439 \u043f\u0440\u0430\u0432\u043e \u0438\u0437\u043c\u0435\u043d\u044f\u0442\u044c \u0423\u0441\u043b\u043e\u0432\u0438\u044f \u0432 \u043b\u044e\u0431\u043e\u0435 \u0432\u0440\u0435\u043c\u044f. \u0410\u043a\u0442\u0443\u0430\u043b\u044c\u043d\u0430\u044f \u0432\u0435\u0440\u0441\u0438\u044f \u0432\u0441\u0435\u0433\u0434\u0430 \u0434\u043e\u0441\u0442\u0443\u043f\u043d\u0430 \u043d\u0430 \u0441\u0430\u0439\u0442\u0435.<\/p><hr \/><h4><strong>2. \u0422\u043e\u0432\u0430\u0440\u044b \u0438 \u0443\u0441\u043b\u0443\u0433\u0438<\/strong><\/h4><p>\u00a0 \u00a0 2.1 J\u0101\u0146a Ziedi \u043f\u0440\u043e\u0434\u0430\u0435\u0442 \u0446\u0432\u0435\u0442\u044b, \u0446\u0432\u0435\u0442\u043e\u0447\u043d\u044b\u0435 \u043a\u043e\u043c\u043f\u043e\u0437\u0438\u0446\u0438\u0438, \u043f\u043e\u0434\u0430\u0440\u043a\u0438 \u0438 \u0441\u043e\u043f\u0443\u0442\u0441\u0442\u0432\u0443\u044e\u0449\u0438\u0435 \u0442\u043e\u0432\u0430\u0440\u044b \u0441 \u0434\u043e\u0441\u0442\u0430\u0432\u043a\u043e\u0439 \u043f\u043e \u0432\u0441\u0435\u0439 \u041b\u0430\u0442\u0432\u0438\u0438.<\/p><p>\u00a0 \u00a0 2.2 \u0412\u0441\u0435 \u0442\u043e\u0432\u0430\u0440\u044b \u0434\u043e\u043b\u0436\u043d\u044b \u0441\u043e\u043f\u0440\u043e\u0432\u043e\u0436\u0434\u0430\u0442\u044c\u0441\u044f \u043e\u043f\u0438\u0441\u0430\u043d\u0438\u0435\u043c, \u0446\u0435\u043d\u043e\u0439 \u0438 (\u043f\u043e \u0432\u043e\u0437\u043c\u043e\u0436\u043d\u043e\u0441\u0442\u0438) \u0444\u043e\u0442\u043e\u0433\u0440\u0430\u0444\u0438\u0435\u0439. \u0416\u0438\u0432\u044b\u0435 \u0446\u0432\u0435\u0442\u044b \u043c\u043e\u0433\u0443\u0442 \u043d\u0435\u0437\u043d\u0430\u0447\u0438\u0442\u0435\u043b\u044c\u043d\u043e \u043e\u0442\u043b\u0438\u0447\u0430\u0442\u044c\u0441\u044f \u043e\u0442 \u0444\u043e\u0442\u043e\u0433\u0440\u0430\u0444\u0438\u0438.<\/p><p>\u00a0 \u00a0 2.3 \u0415\u0441\u043b\u0438 \u0443\u043a\u0430\u0437\u0430\u043d\u043d\u044b\u0435 \u0446\u0432\u0435\u0442\u044b \u043e\u0442\u0441\u0443\u0442\u0441\u0442\u0432\u0443\u044e\u0442 \u0432 \u043d\u0430\u043b\u0438\u0447\u0438\u0438, \u041f\u0440\u043e\u0434\u0430\u0432\u0435\u0446 \u043e\u0441\u0442\u0430\u0432\u043b\u044f\u0435\u0442 \u0437\u0430 \u0441\u043e\u0431\u043e\u0439 \u043f\u0440\u0430\u0432\u043e \u0437\u0430\u043c\u0435\u043d\u0438\u0442\u044c \u0438\u0445 \u043d\u0430 \u0430\u043d\u0430\u043b\u043e\u0433\u0438\u0447\u043d\u044b\u0435, \u043f\u0440\u0438 \u0443\u0441\u043b\u043e\u0432\u0438\u0438 \u043f\u0440\u0435\u0434\u0432\u0430\u0440\u0438\u0442\u0435\u043b\u044c\u043d\u043e\u0433\u043e \u0441\u043e\u0433\u043b\u0430\u0441\u043e\u0432\u0430\u043d\u0438\u044f \u0441 \u041f\u043e\u043a\u0443\u043f\u0430\u0442\u0435\u043b\u0435\u043c.<\/p><hr \/><h4><strong>3. \u0420\u0430\u0437\u043c\u0435\u0449\u0435\u043d\u0438\u0435 \u0437\u0430\u043a\u0430\u0437\u0430<\/strong><\/h4><p>\u00a0 \u00a0 3.1 \u0417\u0430\u043a\u0430\u0437\u044b \u043e\u0444\u043e\u0440\u043c\u043b\u044f\u044e\u0442\u0441\u044f \u043e\u043d\u043b\u0430\u0439\u043d \u0447\u0435\u0440\u0435\u0437 \u043a\u043e\u0440\u0437\u0438\u043d\u0443 \u043d\u0430 \u0441\u0430\u0439\u0442\u0435 \u0438\u043b\u0438 \u043f\u0440\u0438 \u043e\u0431\u0440\u0430\u0449\u0435\u043d\u0438\u0438 \u0432 \u043c\u0430\u0433\u0430\u0437\u0438\u043d \u043f\u043e \u0442\u0435\u043b\u0435\u0444\u043e\u043d\u0443\/\u044d\u043b\u0435\u043a\u0442\u0440\u043e\u043d\u043d\u043e\u0439 \u043f\u043e\u0447\u0442\u0435.<\/p><p>\u00a0 \u00a0 3.2 \u0427\u0442\u043e\u0431\u044b \u0441\u0434\u0435\u043b\u0430\u0442\u044c \u0437\u0430\u043a\u0430\u0437, \u0432\u044b \u0434\u043e\u043b\u0436\u043d\u044b \u0443\u043a\u0430\u0437\u0430\u0442\u044c:<\/p><ul><li>\u0418\u043c\u044f \u043f\u043e\u043b\u0443\u0447\u0430\u0442\u0435\u043b\u044f<\/li><li>\u041d\u043e\u043c\u0435\u0440 \u0442\u0435\u043b\u0435\u0444\u043e\u043d\u0430<\/li><li>\u0410\u0434\u0440\u0435\u0441 \u0434\u043e\u0441\u0442\u0430\u0432\u043a\u0438<\/li><li>\u0414\u0430\u0442\u0430 \u0434\u043e\u0441\u0442\u0430\u0432\u043a\u0438 \u0438 \u0436\u0435\u043b\u0430\u0435\u043c\u043e\u0435 \u0432\u0440\u0435\u043c\u044f<\/li><li>\u0422\u0435\u043a\u0441\u0442 \u043f\u043e\u0437\u0434\u0440\u0430\u0432\u0438\u0442\u0435\u043b\u044c\u043d\u043e\u0439 \u043e\u0442\u043a\u0440\u044b\u0442\u043a\u0438 (\u0435\u0441\u043b\u0438 \u043f\u0440\u0438\u043c\u0435\u043d\u0438\u043c\u043e)<\/li><\/ul><p>\u00a0 \u00a0 3.3 \u041f\u043e\u0441\u043b\u0435 \u043e\u0444\u043e\u0440\u043c\u043b\u0435\u043d\u0438\u044f \u0437\u0430\u043a\u0430\u0437\u0430 \u041f\u043e\u043a\u0443\u043f\u0430\u0442\u0435\u043b\u044c \u043f\u043e\u043b\u0443\u0447\u0438\u0442 \u043f\u043e\u0434\u0442\u0432\u0435\u0440\u0436\u0434\u0435\u043d\u0438\u0435 \u043f\u043e \u044d\u043b\u0435\u043a\u0442\u0440\u043e\u043d\u043d\u043e\u0439 \u043f\u043e\u0447\u0442\u0435 \u0438\u043b\u0438 \u043f\u043e \u0442\u0435\u043b\u0435\u0444\u043e\u043d\u0443.<\/p><hr \/><h4><strong>4. \u041e\u043f\u043b\u0430\u0442\u0430<\/strong><\/h4><p>\u00a0 \u00a0 4.1 \u0412\u043e\u0437\u043c\u043e\u0436\u043d\u044b\u0435 \u0444\u043e\u0440\u043c\u044b \u043e\u043f\u043b\u0430\u0442\u044b:<\/p><ul><li>\u041e\u043f\u043b\u0430\u0442\u0430 \u043a\u0440\u0435\u0434\u0438\u0442\u043d\u043e\u0439 \u043a\u0430\u0440\u0442\u043e\u0439 (Visa, MasterCard)<\/li><li>\u0418\u043d\u0442\u0435\u0440\u043d\u0435\u0442-\u0431\u0430\u043d\u043a\u0438 (Swedbank, SEB, Luminor \u0438 \u0434\u0440.)<\/li><li>Revolut \/ Apple Pay \/ Google Pay (\u0435\u0441\u043b\u0438 \u0434\u043e\u0441\u0442\u0443\u043f\u043d\u043e)<\/li><li>\u041d\u0430\u043b\u0438\u0447\u043d\u044b\u0435 (\u0442\u043e\u043b\u044c\u043a\u043e \u043f\u0440\u0438 \u043f\u043e\u043b\u0443\u0447\u0435\u043d\u0438\u0438 \u0432 \u0420\u0438\u0433\u0435 \u0438\u043b\u0438 \u043f\u043e \u0432\u043e\u0437\u043c\u043e\u0436\u043d\u043e\u0441\u0442\u0438 \u0441 \u043a\u0443\u0440\u044c\u0435\u0440\u043e\u043c)<\/li><\/ul><p>\u00a0 \u00a0 4.2 \u0417\u0430\u043a\u0430\u0437 \u043e\u0431\u0440\u0430\u0431\u0430\u0442\u044b\u0432\u0430\u0435\u0442\u0441\u044f \u0442\u043e\u043b\u044c\u043a\u043e \u043f\u043e\u0441\u043b\u0435 \u043f\u043e\u043b\u0443\u0447\u0435\u043d\u0438\u044f \u043e\u043f\u043b\u0430\u0442\u044b.<\/p><hr \/><h4><strong>5. \u0434\u043e\u0441\u0442\u0430\u0432\u043a\u0430<\/strong><\/h4><p>\u00a0 \u00a0 5.1 \u0414\u043e\u0441\u0442\u0430\u0432\u043a\u0430 \u043e\u0441\u0443\u0449\u0435\u0441\u0442\u0432\u043b\u044f\u0435\u0442\u0441\u044f \u043f\u043e \u0432\u0441\u0435\u0439 \u0442\u0435\u0440\u0440\u0438\u0442\u043e\u0440\u0438\u0438 \u041b\u0430\u0442\u0432\u0438\u0438 \u0432 \u0441\u043e\u043e\u0442\u0432\u0435\u0442\u0441\u0442\u0432\u0438\u0438 \u0441 \u0443\u0441\u043b\u043e\u0432\u0438\u044f\u043c\u0438, \u0443\u043a\u0430\u0437\u0430\u043d\u043d\u044b\u043c\u0438 \u043d\u0430 \u0412\u0435\u0431-\u0441\u0430\u0439\u0442\u0435.<\/p><p>\u00a0 \u00a0 5.2 \u0421\u0442\u043e\u0438\u043c\u043e\u0441\u0442\u044c \u0438 \u0432\u0440\u0435\u043c\u044f \u0434\u043e\u0441\u0442\u0430\u0432\u043a\u0438 \u0437\u0430\u0432\u0438\u0441\u044f\u0442 \u043e\u0442 \u0430\u0434\u0440\u0435\u0441\u0430 \u0434\u043e\u0441\u0442\u0430\u0432\u043a\u0438, \u0440\u0430\u0437\u043c\u0435\u0440\u0430 \u0437\u0430\u043a\u0430\u0437\u0430 \u0438 \u0432\u0440\u0435\u043c\u0435\u043d\u0438.<\/p><p>\u00a0 \u00a0 5.3 \u041f\u0440\u043e\u0434\u0430\u0432\u0435\u0446 \u043d\u0435 \u043d\u0435\u0441\u0435\u0442 \u043e\u0442\u0432\u0435\u0442\u0441\u0442\u0432\u0435\u043d\u043d\u043e\u0441\u0442\u0438 \u0437\u0430 \u0437\u0430\u0434\u0435\u0440\u0436\u043a\u0438 \u0432 \u0434\u043e\u0441\u0442\u0430\u0432\u043a\u0435, \u0432\u044b\u0437\u0432\u0430\u043d\u043d\u044b\u0435 \u043d\u0435\u0442\u043e\u0447\u043d\u043e\u0439 \u0438\u043d\u0444\u043e\u0440\u043c\u0430\u0446\u0438\u0435\u0439 \u0438\u043b\u0438 \u0434\u0435\u0439\u0441\u0442\u0432\u0438\u044f\u043c\u0438 \u0442\u0440\u0435\u0442\u044c\u0438\u0445 \u043b\u0438\u0446.<\/p><hr \/><h4><strong>6. \u041f\u0440\u0430\u0432\u043e \u043d\u0430 \u043e\u0442\u0437\u044b\u0432 \u0438 \u0432\u043e\u0437\u0432\u0440\u0430\u0442 \u0442\u043e\u0432\u0430\u0440\u0430<\/strong><\/h4><p>\u00a0 \u00a0 6.1 \u0421\u043e\u0433\u043b\u0430\u0441\u043d\u043e \u041f\u043e\u0441\u0442\u0430\u043d\u043e\u0432\u043b\u0435\u043d\u0438\u044e \u041a\u0430\u0431\u0438\u043d\u0435\u0442\u0430 \u041c\u0438\u043d\u0438\u0441\u0442\u0440\u043e\u0432 \u2116 255 (20.05.2014), \u0436\u0438\u0432\u044b\u0435 \u0446\u0432\u0435\u0442\u044b \u0438 \u043f\u0435\u0440\u0441\u043e\u043d\u0430\u043b\u0438\u0437\u0438\u0440\u043e\u0432\u0430\u043d\u043d\u044b\u0435 \u0438\u0437\u0434\u0435\u043b\u0438\u044f \u0432\u043e\u0437\u0432\u0440\u0430\u0442\u0443 \u043d\u0435 \u043f\u043e\u0434\u043b\u0435\u0436\u0430\u0442.<\/p><p>\u00a0 \u00a0 6.2 \u0415\u0441\u043b\u0438 \u0442\u043e\u0432\u0430\u0440 \u043f\u043e\u0432\u0440\u0435\u0436\u0434\u0435\u043d \u0438\u043b\u0438 \u043d\u0435 \u0441\u043e\u043e\u0442\u0432\u0435\u0442\u0441\u0442\u0432\u0443\u0435\u0442 \u043e\u043f\u0438\u0441\u0430\u043d\u0438\u044e, \u041f\u043e\u043a\u0443\u043f\u0430\u0442\u0435\u043b\u044c \u0438\u043c\u0435\u0435\u0442 \u043f\u0440\u0430\u0432\u043e \u043f\u0440\u0435\u0434\u044a\u044f\u0432\u0438\u0442\u044c \u043f\u0440\u0435\u0442\u0435\u043d\u0437\u0438\u044e \u0432 \u0442\u0435\u0447\u0435\u043d\u0438\u0435 24 \u0447\u0430\u0441\u043e\u0432 \u0441 \u043c\u043e\u043c\u0435\u043d\u0442\u0430 \u0434\u043e\u0441\u0442\u0430\u0432\u043a\u0438, \u0441\u043e\u043f\u0440\u043e\u0432\u043e\u0434\u0438\u0432 \u0435\u0435 \u0444\u043e\u0442\u043e\/\u0432\u0438\u0434\u0435\u043e \u0434\u043e\u043a\u0430\u0437\u0430\u0442\u0435\u043b\u044c\u0441\u0442\u0432\u0430\u043c\u0438.<\/p><p>\u00a0 \u00a0 6.3 \u0415\u0441\u043b\u0438 \u043f\u0440\u0435\u0442\u0435\u043d\u0437\u0438\u044f \u043e\u0431\u043e\u0441\u043d\u043e\u0432\u0430\u043d\u0430, \u041f\u0440\u043e\u0434\u0430\u0432\u0435\u0446 \u043f\u0440\u0435\u0434\u043b\u043e\u0436\u0438\u0442 \u0432\u043e\u0437\u0432\u0440\u0430\u0442 \u0434\u0435\u043d\u0435\u0433 \u0438\u043b\u0438 \u0431\u0435\u0441\u043f\u043b\u0430\u0442\u043d\u0443\u044e \u043f\u043e\u0432\u0442\u043e\u0440\u043d\u0443\u044e \u0434\u043e\u0441\u0442\u0430\u0432\u043a\u0443.<\/p><hr \/><h4><strong>7. \u043e\u0431\u0440\u0430\u0431\u043e\u0442\u043a\u0430 \u043f\u0435\u0440\u0441\u043e\u043d\u0430\u043b\u044c\u043d\u044b\u0445 \u0434\u0430\u043d\u043d\u044b\u0445<\/strong><\/h4><p>\u00a0 \u00a0 7.1 \u041f\u0435\u0440\u0441\u043e\u043d\u0430\u043b\u044c\u043d\u044b\u0435 \u0434\u0430\u043d\u043d\u044b\u0435 \u043e\u0431\u0440\u0430\u0431\u0430\u0442\u044b\u0432\u0430\u044e\u0442\u0441\u044f \u0432 \u0441\u043e\u043e\u0442\u0432\u0435\u0442\u0441\u0442\u0432\u0438\u0438 \u0441 \u041e\u0431\u0449\u0438\u043c \u0440\u0435\u0433\u043b\u0430\u043c\u0435\u043d\u0442\u043e\u043c \u043f\u043e \u0437\u0430\u0449\u0438\u0442\u0435 \u0434\u0430\u043d\u043d\u044b\u0445 (GDPR).<\/p><p>\u00a0 \u00a0 7.2 \u0414\u0430\u043d\u043d\u044b\u0435 \u0438\u0441\u043f\u043e\u043b\u044c\u0437\u0443\u044e\u0442\u0441\u044f \u0442\u043e\u043b\u044c\u043a\u043e \u0434\u043b\u044f \u043e\u0431\u0440\u0430\u0431\u043e\u0442\u043a\u0438 \u0437\u0430\u043a\u0430\u0437\u043e\u0432, \u0434\u043e\u0441\u0442\u0430\u0432\u043a\u0438 \u0438 \u0441\u0432\u044f\u0437\u0438 \u0441 \u043a\u043b\u0438\u0435\u043d\u0442\u0430\u043c\u0438.<\/p><p>\u00a0 \u00a0 7.3 \u0414\u0430\u043d\u043d\u044b\u0435 \u043d\u0435 \u043f\u043e\u0434\u043b\u0435\u0436\u0430\u0442 \u0440\u0430\u0437\u0433\u043b\u0430\u0448\u0435\u043d\u0438\u044e \u0442\u0440\u0435\u0442\u044c\u0438\u043c \u043b\u0438\u0446\u0430\u043c, \u0437\u0430 \u0438\u0441\u043a\u043b\u044e\u0447\u0435\u043d\u0438\u0435\u043c \u0441\u043b\u0443\u0447\u0430\u0435\u0432, \u043a\u043e\u0433\u0434\u0430 \u044d\u0442\u043e \u043d\u0435\u043e\u0431\u0445\u043e\u0434\u0438\u043c\u043e \u0434\u043b\u044f \u043e\u0441\u0443\u0449\u0435\u0441\u0442\u0432\u043b\u0435\u043d\u0438\u044f \u043f\u043e\u0441\u0442\u0430\u0432\u043a\u0438.<\/p><hr \/><h4 data-start=\"71\" data-end=\"101\"><strong>8. \u041e\u0442\u0432\u0435\u0442\u0441\u0442\u0432\u0435\u043d\u043d\u043e\u0441\u0442\u044c<\/strong><\/h4><p>\u00a0 \u00a0 8.1 \u041f\u0440\u043e\u0434\u0430\u0432\u0435\u0446 \u043d\u0435 \u043d\u0435\u0441\u0435\u0442 \u043e\u0442\u0432\u0435\u0442\u0441\u0442\u0432\u0435\u043d\u043d\u043e\u0441\u0442\u0438 \u0437\u0430 \u0443\u0449\u0435\u0440\u0431, \u0432\u043e\u0437\u043d\u0438\u043a\u0448\u0438\u0439 \u0432 \u0440\u0435\u0437\u0443\u043b\u044c\u0442\u0430\u0442\u0435 \u043d\u0435\u043d\u0430\u0434\u043b\u0435\u0436\u0430\u0449\u0435\u0433\u043e \u0438\u0441\u043f\u043e\u043b\u044c\u0437\u043e\u0432\u0430\u043d\u0438\u044f \u0442\u043e\u0432\u0430\u0440\u0430.<\/p><p>\u00a0 \u00a0 8.2 \u041f\u0440\u043e\u0434\u0430\u0432\u0435\u0446 \u043d\u0435 \u043d\u0435\u0441\u0435\u0442 \u043e\u0442\u0432\u0435\u0442\u0441\u0442\u0432\u0435\u043d\u043d\u043e\u0441\u0442\u0438 \u0437\u0430 \u0437\u0430\u0434\u0435\u0440\u0436\u043a\u0438, \u0432\u044b\u0437\u0432\u0430\u043d\u043d\u044b\u0435 \u0444\u043e\u0440\u0441-\u043c\u0430\u0436\u043e\u0440\u043d\u044b\u043c\u0438 \u043e\u0431\u0441\u0442\u043e\u044f\u0442\u0435\u043b\u044c\u0441\u0442\u0432\u0430\u043c\u0438 (\u043f\u043e\u0433\u043e\u0434\u043d\u044b\u0435 \u0443\u0441\u043b\u043e\u0432\u0438\u044f, \u043d\u0430\u0440\u0443\u0448\u0435\u043d\u0438\u0435 \u0442\u0440\u0430\u043d\u0441\u043f\u043e\u0440\u0442\u043d\u043e\u0433\u043e \u0441\u043e\u043e\u0431\u0449\u0435\u043d\u0438\u044f \u0438 \u0442.\u0434.).<\/p><hr \/><h4><strong>9. \u0423\u0440\u0435\u0433\u0443\u043b\u0438\u0440\u043e\u0432\u0430\u043d\u0438\u0435 \u0441\u043f\u043e\u0440\u043e\u0432<\/strong><\/h4><p>\u00a0 \u00a0 9.1 \u0412\u0441\u0435 \u0441\u043f\u043e\u0440\u044b \u0440\u0430\u0437\u0440\u0435\u0448\u0430\u044e\u0442\u0441\u044f \u043f\u0443\u0442\u0435\u043c \u043f\u0435\u0440\u0435\u0433\u043e\u0432\u043e\u0440\u043e\u0432. \u0415\u0441\u043b\u0438 \u0441\u043e\u0433\u043b\u0430\u0448\u0435\u043d\u0438\u0435 \u043d\u0435 \u0431\u0443\u0434\u0435\u0442 \u0434\u043e\u0441\u0442\u0438\u0433\u043d\u0443\u0442\u043e, \u0441\u043f\u043e\u0440 \u0431\u0443\u0434\u0435\u0442 \u0440\u0430\u0441\u0441\u043c\u0430\u0442\u0440\u0438\u0432\u0430\u0442\u044c\u0441\u044f \u0432 \u0441\u0443\u0434\u0430\u0445 \u041b\u0430\u0442\u0432\u0438\u0439\u0441\u043a\u043e\u0439 \u0420\u0435\u0441\u043f\u0443\u0431\u043b\u0438\u043a\u0438.<\/p><p>\u00a0 \u00a0 9.2 \u041f\u043e\u043a\u0443\u043f\u0430\u0442\u0435\u043b\u044c \u0438\u043c\u0435\u0435\u0442 \u043f\u0440\u0430\u0432\u043e \u043f\u043e\u0434\u0430\u0442\u044c \u0436\u0430\u043b\u043e\u0431\u0443 \u0432 \u0426\u0435\u043d\u0442\u0440 \u0437\u0430\u0449\u0438\u0442\u044b \u043f\u0440\u0430\u0432 \u043f\u043e\u0442\u0440\u0435\u0431\u0438\u0442\u0435\u043b\u0435\u0439 (PTAC) \u0438\u043b\u0438 \u0432\u043e\u0441\u043f\u043e\u043b\u044c\u0437\u043e\u0432\u0430\u0442\u044c\u0441\u044f \u041f\u043b\u0430\u0442\u0444\u043e\u0440\u043c\u043e\u0439 \u0440\u0430\u0437\u0440\u0435\u0448\u0435\u043d\u0438\u044f \u0441\u043f\u043e\u0440\u043e\u0432 \u0415\u0421:<\/p><p><a href=\"https:\/\/ec.europa.eu\/consumers\/odr\" target=\"_blank\" rel=\"noopener\">https:\/\/ec.europa.eu\/consumers\/odr<\/a><\/p><hr \/><h4><strong>10.    \u041a\u043e\u043d\u0442\u0430\u043a\u0442<\/strong><\/h4><ul><li><strong>\u041a\u043e\u043c\u043f\u0430\u043d\u0438\u044f<\/strong>: SIA \"J\u0101\u0146a Ziedi\"<\/li><li><strong>\u0420\u0435\u0433. \u041d\u043e\u043c\u0435\u0440<\/strong>: 50203155561<\/li><li><strong>\u042e\u0440\u0438\u0434\u0438\u0447\u0435\u0441\u043a\u0438\u0439 \u0430\u0434\u0440\u0435\u0441:<\/strong>\u0423\u043b\u0438\u0446\u0430 \u0410\u043b\u0435\u043a\u0441\u0430\u043d\u0434\u0440\u0430 \u0427\u0430\u043a\u0430 22-2N, \u0420\u0438\u0433\u0430, LV-1011, \u041b\u0430\u0442\u0432\u0438\u044f<\/li><li><strong>\u0422\u0435\u043b\u0435\u0444\u043e\u043d<\/strong>: +371 25 168 858<\/li><li><strong>\u042d\u043b\u0435\u043a\u0442\u0440\u043e\u043d\u043d\u0430\u044f \u043f\u043e\u0447\u0442\u0430<\/strong>: info@janaziedi.lv<\/li><li><strong>\u0421\u0430\u0439\u0442<\/strong>: <a href=\"https:\/\/janaziedi.lv\/ru\/\">www.janaziedi.lv<\/a><\/li><\/ul><hr \/><hr \/>\t\t\t\t\t\t\t\t<\/div>\n\t\t\t\t<\/div>\n\t\t\t\t<\/div>\n\t\t\t\t<\/div>\n\t\t\t\t\t<\/div>\n\t\t\t\t<\/div>\n\t\t\t\t<\/div>","protected":false},"excerpt":{"rendered":"<p>Lieto\u0161anas noteikumi \u2013 J\u0101\u0146a Ziedi Lieto\u0161anas noteikumi \u2013 SIA &#8220;J\u0101\u0146a Ziedi&#8221; Sp\u0113k\u0101 no: 04.09.2025Veikals: J\u0101\u0146a ZiediUz\u0146\u0113mums: SIA &#8220;J\u0101\u0146a Ziedi&#8221;, re\u0123. numurs: 50203155561, juridisk\u0101 adrese: Aleksandra \u010caka iela 22-2N, R\u012bga, LV-1011, LatvijaVietne: www.janaziedi.lv 1.\u00a0 \u00a0 Visp\u0101r\u012bgie noteikumi \u00a0 \u00a0 1.1.\u00a0 \u00a0 \u0160ie noteikumi nosaka attiec\u012bbas starp P\u0101rdev\u0113ju un Pirc\u0113ju, ieg\u0101d\u0101joties preces interneta veikal\u0101 www.janaziedi.lv. \u00a0 \u00a0 [&hellip;]<\/p>\n","protected":false},"author":1,"featured_media":0,"parent":0,"menu_order":0,"comment_status":"closed","ping_status":"closed","template":"","meta":{"footnotes":""},"class_list":["post-37336","page","type-page","status-publish","hentry"],"_links":{"self":[{"href":"https:\/\/janaziedi.lv\/ru\/wp-json\/wp\/v2\/pages\/37336","targetHints":{"allow":["GET"]}}],"collection":[{"href":"https:\/\/janaziedi.lv\/ru\/wp-json\/wp\/v2\/pages"}],"about":[{"href":"https:\/\/janaziedi.lv\/ru\/wp-json\/wp\/v2\/types\/page"}],"author":[{"embeddable":true,"href":"https:\/\/janaziedi.lv\/ru\/wp-json\/wp\/v2\/users\/1"}],"replies":[{"embeddable":true,"href":"https:\/\/janaziedi.lv\/ru\/wp-json\/wp\/v2\/comments?post=37336"}],"version-history":[{"count":10,"href":"https:\/\/janaziedi.lv\/ru\/wp-json\/wp\/v2\/pages\/37336\/revisions"}],"predecessor-version":[{"id":37349,"href":"https:\/\/janaziedi.lv\/ru\/wp-json\/wp\/v2\/pages\/37336\/revisions\/37349"}],"wp:attachment":[{"href":"https:\/\/janaziedi.lv\/ru\/wp-json\/wp\/v2\/media?parent=37336"}],"curies":[{"name":"WP","href":"https:\/\/api.w.org\/{rel}","templated":true}]}}